{"id":44604,"date":"2026-01-27T20:31:55","date_gmt":"2026-01-27T20:31:55","guid":{"rendered":"https:\/\/www.deporteseli.com\/?product=tenis-puma-392328"},"modified":"2026-03-07T06:14:53","modified_gmt":"2026-03-07T06:14:53","slug":"tenis-puma-392328","status":"publish","type":"product","link":"https:\/\/www.deporteseli.com\/?product=tenis-puma-392328","title":{"rendered":"TENIS PUMA 392328"},"content":{"rendered":"<p>Inspirado en el baloncesto, el modelo PUMA Rebound Joy Low lleg\u00f3 para cambiar el juego. Ofrece una silueta de corte bajo para un uso diario f\u00e1cil dentro y fuera de la cancha. Inyecta el ADN de Puma con una inspiraci\u00f3n retro para esta nueva era del baloncesto, presentando un material de apariencia de cuero sint\u00e9tico suave en la parte superior. La plantilla SoftFoam  brinda una amortiguaci\u00f3n superior y una comodidad \u00f3ptima para cada paso de tu d\u00eda.    Color: 03 BLANCO GRIS                                                                                                                                                                                                                                                                                                                                                                                                                                                                                                                                                                                                                                                                                                                                                                                                                                                                                                                                                                                                                                        <\/p>\n","protected":false},"excerpt":{"rendered":"<p>TENIS PUMA 392328<\/p>\n","protected":false},"featured_media":57662,"template":"","meta":[],"product_brand":[],"product_cat":[261],"product_tag":[32],"class_list":{"0":"post-44604","1":"product","2":"type-product","3":"status-publish","4":"has-post-thumbnail","6":"product_cat-hombre_calzado_casual","7":"product_tag-puma","8":"pa_color-unico","9":"pa_talla-157","10":"thunk-woo-product-list","11":"opn-qv-enable","12":"open-woo-hover-","13":"open-single-product-tab-horizontal","14":"open-shadow-","15":"open-shadow-hover-","17":"first","18":"instock","19":"shipping-taxable","20":"purchasable","21":"product-type-variable"},"jetpack_sharing_enabled":true,"_links":{"self":[{"href":"https:\/\/www.deporteseli.com\/index.php?rest_route=\/wp\/v2\/product\/44604","targetHints":{"allow":["GET"]}}],"collection":[{"href":"https:\/\/www.deporteseli.com\/index.php?rest_route=\/wp\/v2\/product"}],"about":[{"href":"https:\/\/www.deporteseli.com\/index.php?rest_route=\/wp\/v2\/types\/product"}],"wp:featuredmedia":[{"embeddable":true,"href":"https:\/\/www.deporteseli.com\/index.php?rest_route=\/wp\/v2\/media\/57662"}],"wp:attachment":[{"href":"https:\/\/www.deporteseli.com\/index.php?rest_route=%2Fwp%2Fv2%2Fmedia&parent=44604"}],"wp:term":[{"taxonomy":"product_brand","embeddable":true,"href":"https:\/\/www.deporteseli.com\/index.php?rest_route=%2Fwp%2Fv2%2Fproduct_brand&post=44604"},{"taxonomy":"product_cat","embeddable":true,"href":"https:\/\/www.deporteseli.com\/index.php?rest_route=%2Fwp%2Fv2%2Fproduct_cat&post=44604"},{"taxonomy":"product_tag","embeddable":true,"href":"https:\/\/www.deporteseli.com\/index.php?rest_route=%2Fwp%2Fv2%2Fproduct_tag&post=44604"}],"curies":[{"name":"wp","href":"https:\/\/api.w.org\/{rel}","templated":true}]}}