{"id":44591,"date":"2026-01-27T20:31:37","date_gmt":"2026-01-27T20:31:37","guid":{"rendered":"https:\/\/www.deporteseli.com\/?product=cholas-puma-384139"},"modified":"2026-04-01T04:17:57","modified_gmt":"2026-04-01T04:17:57","slug":"cholas-puma-384139","status":"publish","type":"product","link":"https:\/\/www.deporteseli.com\/?product=cholas-puma-384139","title":{"rendered":"CHOLAS PUMA 384139"},"content":{"rendered":"<p>Las Leadcat 2.0 son las sandalias que te acompa\u00f1ar\u00e1n durante toda la temporada. Esta versi\u00f3n juega con el ajuste y la comodidad de las Leadcat originales, pero las mejora con una correa acolchada, una plantilla moldeada adicional y una suela exterior con agarre para que puedas manejarlas dondequiera que vayas.                                                                                                                                                                                                                                                                                                                                                                                                                                                                                                                                                                                                                                                                                                                                                                                                                                                                                                                                                                                                                                        <\/p>\n","protected":false},"excerpt":{"rendered":"<p>CHOLAS PUMA 384139<\/p>\n","protected":false},"featured_media":57653,"template":"","meta":[],"product_brand":[],"product_cat":[314],"product_tag":[32],"class_list":{"0":"post-44591","1":"product","2":"type-product","3":"status-publish","4":"has-post-thumbnail","6":"product_cat-nino_calzado_cholas","7":"product_tag-puma","8":"pa_color-unico","9":"pa_talla-35-5","10":"pa_talla-143","11":"pa_talla-145","12":"pa_talla-147","13":"thunk-woo-product-list","14":"opn-qv-enable","15":"open-woo-hover-","16":"open-single-product-tab-horizontal","17":"open-shadow-","18":"open-shadow-hover-","20":"first","21":"instock","22":"shipping-taxable","23":"purchasable","24":"product-type-variable"},"jetpack_sharing_enabled":true,"_links":{"self":[{"href":"https:\/\/www.deporteseli.com\/index.php?rest_route=\/wp\/v2\/product\/44591","targetHints":{"allow":["GET"]}}],"collection":[{"href":"https:\/\/www.deporteseli.com\/index.php?rest_route=\/wp\/v2\/product"}],"about":[{"href":"https:\/\/www.deporteseli.com\/index.php?rest_route=\/wp\/v2\/types\/product"}],"wp:featuredmedia":[{"embeddable":true,"href":"https:\/\/www.deporteseli.com\/index.php?rest_route=\/wp\/v2\/media\/57653"}],"wp:attachment":[{"href":"https:\/\/www.deporteseli.com\/index.php?rest_route=%2Fwp%2Fv2%2Fmedia&parent=44591"}],"wp:term":[{"taxonomy":"product_brand","embeddable":true,"href":"https:\/\/www.deporteseli.com\/index.php?rest_route=%2Fwp%2Fv2%2Fproduct_brand&post=44591"},{"taxonomy":"product_cat","embeddable":true,"href":"https:\/\/www.deporteseli.com\/index.php?rest_route=%2Fwp%2Fv2%2Fproduct_cat&post=44591"},{"taxonomy":"product_tag","embeddable":true,"href":"https:\/\/www.deporteseli.com\/index.php?rest_route=%2Fwp%2Fv2%2Fproduct_tag&post=44591"}],"curies":[{"name":"wp","href":"https:\/\/api.w.org\/{rel}","templated":true}]}}