{"id":44582,"date":"2026-01-27T20:31:22","date_gmt":"2026-01-27T20:31:22","guid":{"rendered":"https:\/\/www.deporteseli.com\/?product=balon-puma-084073"},"modified":"2026-04-07T04:17:51","modified_gmt":"2026-04-07T04:17:51","slug":"balon-puma-084073","status":"publish","type":"product","link":"https:\/\/www.deporteseli.com\/?product=balon-puma-084073","title":{"rendered":"BALON PUMA 084073"},"content":{"rendered":"<p>Sal al campo y disfruta de un buen partido con este bal\u00f3n de f\u00fatbol de Puma. Este modelo est\u00e1 cosido a m\u00e1quina con una construcci\u00f3n sencilla de 12 paneles y una capa de TPU brillante para que destaque en el terreno de juego.    No lo pienses m\u00e1s, dispara y marca el primer gol.    BAL\u00d3N F\u00daTBOL    Costuras hechas a m\u00e1quina para mayor durabilidad  Construcci\u00f3n de 12 paneles  Capa TPU brillante  Color: White-Black                                                                                                                                                                                                                                                                                                                                                                                                                                                                                                                                                                                                                                                                                                                                                                                                                                                                                                                                                                                                                                        <\/p>\n","protected":false},"excerpt":{"rendered":"<p>BALON PUMA 084073<\/p>\n","protected":false},"featured_media":57646,"template":"","meta":[],"product_brand":[],"product_cat":[347],"product_tag":[32],"class_list":{"0":"post-44582","1":"product","2":"type-product","3":"status-publish","4":"has-post-thumbnail","6":"product_cat-deportes_balones","7":"product_tag-puma","8":"pa_color-unico","9":"pa_talla-169","10":"thunk-woo-product-list","11":"opn-qv-enable","12":"open-woo-hover-","13":"open-single-product-tab-horizontal","14":"open-shadow-","15":"open-shadow-hover-","17":"first","18":"instock","19":"shipping-taxable","20":"purchasable","21":"product-type-variable"},"jetpack_sharing_enabled":true,"_links":{"self":[{"href":"https:\/\/www.deporteseli.com\/index.php?rest_route=\/wp\/v2\/product\/44582","targetHints":{"allow":["GET"]}}],"collection":[{"href":"https:\/\/www.deporteseli.com\/index.php?rest_route=\/wp\/v2\/product"}],"about":[{"href":"https:\/\/www.deporteseli.com\/index.php?rest_route=\/wp\/v2\/types\/product"}],"wp:featuredmedia":[{"embeddable":true,"href":"https:\/\/www.deporteseli.com\/index.php?rest_route=\/wp\/v2\/media\/57646"}],"wp:attachment":[{"href":"https:\/\/www.deporteseli.com\/index.php?rest_route=%2Fwp%2Fv2%2Fmedia&parent=44582"}],"wp:term":[{"taxonomy":"product_brand","embeddable":true,"href":"https:\/\/www.deporteseli.com\/index.php?rest_route=%2Fwp%2Fv2%2Fproduct_brand&post=44582"},{"taxonomy":"product_cat","embeddable":true,"href":"https:\/\/www.deporteseli.com\/index.php?rest_route=%2Fwp%2Fv2%2Fproduct_cat&post=44582"},{"taxonomy":"product_tag","embeddable":true,"href":"https:\/\/www.deporteseli.com\/index.php?rest_route=%2Fwp%2Fv2%2Fproduct_tag&post=44582"}],"curies":[{"name":"wp","href":"https:\/\/api.w.org\/{rel}","templated":true}]}}