{"id":44572,"date":"2026-01-27T20:31:06","date_gmt":"2026-01-27T20:31:06","guid":{"rendered":"https:\/\/www.deporteseli.com\/?product=sandalias-de-mujer-betel-negro"},"modified":"2026-01-27T20:31:15","modified_gmt":"2026-01-27T20:31:15","slug":"sandalias-de-mujer-betel-negro","status":"publish","type":"product","link":"https:\/\/www.deporteseli.com\/?product=sandalias-de-mujer-betel-negro","title":{"rendered":"SANDALIAS DE MUJER BETEL NEGRO"},"content":{"rendered":"<p>DESCRIPCI\u00d3N  Sandalias c\u00f3modas y ligeras dise\u00f1adas para tus d\u00edas m\u00e1s activos. Fabricadas con material textil resistente y cierre ajustable, ofrecen un ajuste firme y adaptable. Su dise\u00f1o moderno con estampado geom\u00e9trico aporta estilo y originalidad, convirti\u00e9ndolas en la opci\u00f3n perfecta para actividades al aire libre o paseos diarios.                                                                                                                                                                                                                                                                                                                                                                                                                                                                                                                                                                                                                                                                                                                                                                                                                                                                                                                                                                                                                                        <\/p>\n","protected":false},"excerpt":{"rendered":"<p>SANDALIAS DE MUJER BETEL NEGRO<\/p>\n","protected":false},"featured_media":57638,"template":"","meta":[],"product_brand":[],"product_cat":[291],"product_tag":[],"class_list":{"0":"post-44572","1":"product","2":"type-product","3":"status-publish","4":"has-post-thumbnail","6":"product_cat-mujer_calzado_cholas","7":"pa_color-unico","8":"pa_talla-143","9":"pa_talla-145","10":"pa_talla-147","11":"pa_talla-149","12":"pa_talla-151","13":"thunk-woo-product-list","14":"opn-qv-enable","15":"open-woo-hover-","16":"open-single-product-tab-horizontal","17":"open-shadow-","18":"open-shadow-hover-","20":"first","21":"instock","22":"sale","23":"shipping-taxable","24":"purchasable","25":"product-type-variable"},"jetpack_sharing_enabled":true,"_links":{"self":[{"href":"https:\/\/www.deporteseli.com\/index.php?rest_route=\/wp\/v2\/product\/44572","targetHints":{"allow":["GET"]}}],"collection":[{"href":"https:\/\/www.deporteseli.com\/index.php?rest_route=\/wp\/v2\/product"}],"about":[{"href":"https:\/\/www.deporteseli.com\/index.php?rest_route=\/wp\/v2\/types\/product"}],"wp:featuredmedia":[{"embeddable":true,"href":"https:\/\/www.deporteseli.com\/index.php?rest_route=\/wp\/v2\/media\/57638"}],"wp:attachment":[{"href":"https:\/\/www.deporteseli.com\/index.php?rest_route=%2Fwp%2Fv2%2Fmedia&parent=44572"}],"wp:term":[{"taxonomy":"product_brand","embeddable":true,"href":"https:\/\/www.deporteseli.com\/index.php?rest_route=%2Fwp%2Fv2%2Fproduct_brand&post=44572"},{"taxonomy":"product_cat","embeddable":true,"href":"https:\/\/www.deporteseli.com\/index.php?rest_route=%2Fwp%2Fv2%2Fproduct_cat&post=44572"},{"taxonomy":"product_tag","embeddable":true,"href":"https:\/\/www.deporteseli.com\/index.php?rest_route=%2Fwp%2Fv2%2Fproduct_tag&post=44572"}],"curies":[{"name":"wp","href":"https:\/\/api.w.org\/{rel}","templated":true}]}}