{"id":44568,"date":"2026-01-27T20:31:01","date_gmt":"2026-01-27T20:31:01","guid":{"rendered":"https:\/\/www.deporteseli.com\/?product=zapatillas-de-hombre-charro-azul-marino"},"modified":"2026-03-28T05:19:50","modified_gmt":"2026-03-28T05:19:50","slug":"zapatillas-de-hombre-charro-azul-marino","status":"publish","type":"product","link":"https:\/\/www.deporteseli.com\/?product=zapatillas-de-hombre-charro-azul-marino","title":{"rendered":"ZAPATILLAS DE HOMBRE CHARRO AZUL MARINO"},"content":{"rendered":"<p>DESCRIPCI\u00d3N  Las zapatillas casual para hombre Charro en azul marino combinan estilo y funcionalidad. Con detalles en blanco y suela marr\u00f3n, ofrecen un dise\u00f1o moderno y vers\u00e1til. Su plantilla Urban Comfort garantiza comodidad prolongada y excelente absorci\u00f3n de impactos, ideales para el uso diario. Fabricadas con materiales ligeros y transpirables, son perfectas para combinar con cualquier estilo casual.                                                                                                                                                                                                                                                                                                                                                                                                                                                                                                                                                                                                                                                                                                                                                                                                                                                                                                                                                                                                                                        <\/p>\n","protected":false},"excerpt":{"rendered":"<p>ZAPATILLAS DE HOMBRE CHARRO AZUL MARINO<\/p>\n","protected":false},"featured_media":57637,"template":"","meta":[],"product_brand":[],"product_cat":[261],"product_tag":[],"class_list":{"0":"post-44568","1":"product","2":"type-product","3":"status-publish","4":"has-post-thumbnail","6":"product_cat-hombre_calzado_casual","7":"pa_color-unico","8":"pa_talla-149","9":"pa_talla-157","10":"pa_talla-161","11":"thunk-woo-product-list","12":"opn-qv-enable","13":"open-woo-hover-","14":"open-single-product-tab-horizontal","15":"open-shadow-","16":"open-shadow-hover-","18":"first","19":"instock","20":"sale","21":"shipping-taxable","22":"purchasable","23":"product-type-variable"},"jetpack_sharing_enabled":true,"_links":{"self":[{"href":"https:\/\/www.deporteseli.com\/index.php?rest_route=\/wp\/v2\/product\/44568","targetHints":{"allow":["GET"]}}],"collection":[{"href":"https:\/\/www.deporteseli.com\/index.php?rest_route=\/wp\/v2\/product"}],"about":[{"href":"https:\/\/www.deporteseli.com\/index.php?rest_route=\/wp\/v2\/types\/product"}],"wp:featuredmedia":[{"embeddable":true,"href":"https:\/\/www.deporteseli.com\/index.php?rest_route=\/wp\/v2\/media\/57637"}],"wp:attachment":[{"href":"https:\/\/www.deporteseli.com\/index.php?rest_route=%2Fwp%2Fv2%2Fmedia&parent=44568"}],"wp:term":[{"taxonomy":"product_brand","embeddable":true,"href":"https:\/\/www.deporteseli.com\/index.php?rest_route=%2Fwp%2Fv2%2Fproduct_brand&post=44568"},{"taxonomy":"product_cat","embeddable":true,"href":"https:\/\/www.deporteseli.com\/index.php?rest_route=%2Fwp%2Fv2%2Fproduct_cat&post=44568"},{"taxonomy":"product_tag","embeddable":true,"href":"https:\/\/www.deporteseli.com\/index.php?rest_route=%2Fwp%2Fv2%2Fproduct_tag&post=44568"}],"curies":[{"name":"wp","href":"https:\/\/api.w.org\/{rel}","templated":true}]}}