{"id":44565,"date":"2026-01-27T20:30:57","date_gmt":"2026-01-27T20:30:57","guid":{"rendered":"https:\/\/www.deporteseli.com\/?product=sandalias-de-hombre-oalete-marron"},"modified":"2026-03-11T05:18:31","modified_gmt":"2026-03-11T05:18:31","slug":"sandalias-de-hombre-oalete-marron","status":"publish","type":"product","link":"https:\/\/www.deporteseli.com\/?product=sandalias-de-hombre-oalete-marron","title":{"rendered":"SANDALIAS DE HOMBRE OALETE MARR\u00f3N"},"content":{"rendered":"<p>Estas sandalias de hombre combinan funcionalidad y estilo para los d\u00edas de verano. Con cierre adherente ajustable, aseguran comodidad y un soporte \u00f3ptimo. Su suela ergon\u00f3mica ofrece estabilidad en terrenos variados.                                                                                                                                                                                                                                                                                                                                                                                                                                                                                                                                                                                                                                                                                                                                                                                                                                                                                                                                                                                                                                        <\/p>\n","protected":false},"excerpt":{"rendered":"<p>SANDALIAS DE HOMBRE OALETE MARR\u00f3N<\/p>\n","protected":false},"featured_media":57636,"template":"","meta":[],"product_brand":[],"product_cat":[265],"product_tag":[],"class_list":{"0":"post-44565","1":"product","2":"type-product","3":"status-publish","4":"has-post-thumbnail","6":"product_cat-hombre_calzado_cholas","7":"pa_color-unico","8":"pa_talla-153","9":"pa_talla-157","10":"thunk-woo-product-list","11":"opn-qv-enable","12":"open-woo-hover-","13":"open-single-product-tab-horizontal","14":"open-shadow-","15":"open-shadow-hover-","17":"first","18":"instock","19":"sale","20":"shipping-taxable","21":"purchasable","22":"product-type-variable"},"jetpack_sharing_enabled":true,"_links":{"self":[{"href":"https:\/\/www.deporteseli.com\/index.php?rest_route=\/wp\/v2\/product\/44565","targetHints":{"allow":["GET"]}}],"collection":[{"href":"https:\/\/www.deporteseli.com\/index.php?rest_route=\/wp\/v2\/product"}],"about":[{"href":"https:\/\/www.deporteseli.com\/index.php?rest_route=\/wp\/v2\/types\/product"}],"wp:featuredmedia":[{"embeddable":true,"href":"https:\/\/www.deporteseli.com\/index.php?rest_route=\/wp\/v2\/media\/57636"}],"wp:attachment":[{"href":"https:\/\/www.deporteseli.com\/index.php?rest_route=%2Fwp%2Fv2%2Fmedia&parent=44565"}],"wp:term":[{"taxonomy":"product_brand","embeddable":true,"href":"https:\/\/www.deporteseli.com\/index.php?rest_route=%2Fwp%2Fv2%2Fproduct_brand&post=44565"},{"taxonomy":"product_cat","embeddable":true,"href":"https:\/\/www.deporteseli.com\/index.php?rest_route=%2Fwp%2Fv2%2Fproduct_cat&post=44565"},{"taxonomy":"product_tag","embeddable":true,"href":"https:\/\/www.deporteseli.com\/index.php?rest_route=%2Fwp%2Fv2%2Fproduct_tag&post=44565"}],"curies":[{"name":"wp","href":"https:\/\/api.w.org\/{rel}","templated":true}]}}