{"id":44453,"date":"2026-01-27T20:28:31","date_gmt":"2026-01-27T20:28:31","guid":{"rendered":"https:\/\/www.deporteseli.com\/?product=camiseta-unisex-con-estampado-de-camuflaje"},"modified":"2026-03-07T06:14:48","modified_gmt":"2026-03-07T06:14:48","slug":"camiseta-unisex-con-estampado-de-camuflaje","status":"publish","type":"product","link":"https:\/\/www.deporteseli.com\/?product=camiseta-unisex-con-estampado-de-camuflaje","title":{"rendered":"CAMISETA UNISEX CON ESTAMPADO DE CAMUFLAJE"},"content":{"rendered":"<p>Camiseta unisex con estampado de camuflaje para ni\u00f1os, color blanco  Mejora tu estilo diario con esta camiseta de algod\u00f3n suave para j\u00f3venes. El cl\u00e1sico escote redondo y las mangas cortas la convierten en una incorporaci\u00f3n vers\u00e1til a cualquier guardarropa, y el gr\u00e1fico inspirado en el camuflaje le aporta un toque atrevido. C\u00f3moda y elegante, esta camiseta permite que tu individualidad brille.  Composici\u00f3n:  100% Algod\u00f3n    C\u00f3digo de producto: JD4642                                                                                                                                                                                                                                                                                                                                                                                                                                                                                                                                                                                                                                                                                                                                                                                                                                                                                                                                                                                                                                        <\/p>\n","protected":false},"excerpt":{"rendered":"<p>CAMISETA UNISEX CON ESTAMPADO DE CAMUFLAJE<\/p>\n","protected":false},"featured_media":57620,"template":"","meta":[],"product_brand":[],"product_cat":[296],"product_tag":[18],"class_list":{"0":"post-44453","1":"product","2":"type-product","3":"status-publish","4":"has-post-thumbnail","6":"product_cat-nino_textil_camisetas","7":"product_tag-adidas","8":"pa_color-unico","9":"pa_talla-t-12","10":"pa_talla-t-16","11":"thunk-woo-product-list","12":"opn-qv-enable","13":"open-woo-hover-","14":"open-single-product-tab-horizontal","15":"open-shadow-","16":"open-shadow-hover-","18":"first","19":"instock","20":"shipping-taxable","21":"purchasable","22":"product-type-variable"},"jetpack_sharing_enabled":true,"_links":{"self":[{"href":"https:\/\/www.deporteseli.com\/index.php?rest_route=\/wp\/v2\/product\/44453","targetHints":{"allow":["GET"]}}],"collection":[{"href":"https:\/\/www.deporteseli.com\/index.php?rest_route=\/wp\/v2\/product"}],"about":[{"href":"https:\/\/www.deporteseli.com\/index.php?rest_route=\/wp\/v2\/types\/product"}],"wp:featuredmedia":[{"embeddable":true,"href":"https:\/\/www.deporteseli.com\/index.php?rest_route=\/wp\/v2\/media\/57620"}],"wp:attachment":[{"href":"https:\/\/www.deporteseli.com\/index.php?rest_route=%2Fwp%2Fv2%2Fmedia&parent=44453"}],"wp:term":[{"taxonomy":"product_brand","embeddable":true,"href":"https:\/\/www.deporteseli.com\/index.php?rest_route=%2Fwp%2Fv2%2Fproduct_brand&post=44453"},{"taxonomy":"product_cat","embeddable":true,"href":"https:\/\/www.deporteseli.com\/index.php?rest_route=%2Fwp%2Fv2%2Fproduct_cat&post=44453"},{"taxonomy":"product_tag","embeddable":true,"href":"https:\/\/www.deporteseli.com\/index.php?rest_route=%2Fwp%2Fv2%2Fproduct_tag&post=44453"}],"curies":[{"name":"wp","href":"https:\/\/api.w.org\/{rel}","templated":true}]}}