{"id":44432,"date":"2026-01-27T20:28:03","date_gmt":"2026-01-27T20:28:03","guid":{"rendered":"https:\/\/www.deporteseli.com\/?product=camisa-adidas-jj5032"},"modified":"2026-03-07T06:14:31","modified_gmt":"2026-03-07T06:14:31","slug":"camisa-adidas-jj5032","status":"publish","type":"product","link":"https:\/\/www.deporteseli.com\/?product=camisa-adidas-jj5032","title":{"rendered":"CAMISA ADIDAS JJ5032"},"content":{"rendered":"<p>Descripci\u00f3n  La camiseta de fitness adidas Jg Tr-Es 3Bandas para ni\u00f1a es la opci\u00f3n ideal para mantener la comodidad y estilo durante la actividad f\u00edsica.  Este modelo cuenta con mangas cortas y un cuello redondo que proporciona un ajuste regular.  Su tejido suave asegura una gran libertad de movimiento, mientras que el logo de la marca a\u00f1ade un toque de autenticidad.  Con un atractivo dise\u00f1o en blanco y negro, esta camiseta se adapta f\u00e1cilmente a cualquier outfit deportivo o casual.  Perfecta para entrenar en el gimnasio o disfrutar de actividades al aire libre, es una prenda vers\u00e1til y funcional.  Adquiere la camiseta adidas y lleva el deporte a un nuevo nivel.    Caracter\u00edsticas  Camiseta manga corta  Cuello redondo  Ajuste regular  Tejido suave  Logo de la marca  Color del producto: Blanco\/Negro                                                                                                                                                                                                                                                                                                                                                                                                                                                                                                                                                                                                                                                                                                                                                                                                                                                                                                                                                                                                                                        <\/p>\n","protected":false},"excerpt":{"rendered":"<p>CAMISA ADIDAS JJ5032<\/p>\n","protected":false},"featured_media":57603,"template":"","meta":[],"product_brand":[],"product_cat":[376],"product_tag":[18],"class_list":{"0":"post-44432","1":"product","2":"type-product","3":"status-publish","4":"has-post-thumbnail","6":"product_cat-ninas_textil_camisetas","7":"product_tag-adidas","8":"pa_color-unico","9":"pa_talla-t-10","10":"pa_talla-t-12","11":"pa_talla-t-14","12":"pa_talla-t-16","13":"pa_talla-t-6","14":"pa_talla-t-8","15":"thunk-woo-product-list","16":"opn-qv-enable","17":"open-woo-hover-","18":"open-single-product-tab-horizontal","19":"open-shadow-","20":"open-shadow-hover-","22":"first","23":"instock","24":"shipping-taxable","25":"purchasable","26":"product-type-variable"},"jetpack_sharing_enabled":true,"_links":{"self":[{"href":"https:\/\/www.deporteseli.com\/index.php?rest_route=\/wp\/v2\/product\/44432","targetHints":{"allow":["GET"]}}],"collection":[{"href":"https:\/\/www.deporteseli.com\/index.php?rest_route=\/wp\/v2\/product"}],"about":[{"href":"https:\/\/www.deporteseli.com\/index.php?rest_route=\/wp\/v2\/types\/product"}],"wp:featuredmedia":[{"embeddable":true,"href":"https:\/\/www.deporteseli.com\/index.php?rest_route=\/wp\/v2\/media\/57603"}],"wp:attachment":[{"href":"https:\/\/www.deporteseli.com\/index.php?rest_route=%2Fwp%2Fv2%2Fmedia&parent=44432"}],"wp:term":[{"taxonomy":"product_brand","embeddable":true,"href":"https:\/\/www.deporteseli.com\/index.php?rest_route=%2Fwp%2Fv2%2Fproduct_brand&post=44432"},{"taxonomy":"product_cat","embeddable":true,"href":"https:\/\/www.deporteseli.com\/index.php?rest_route=%2Fwp%2Fv2%2Fproduct_cat&post=44432"},{"taxonomy":"product_tag","embeddable":true,"href":"https:\/\/www.deporteseli.com\/index.php?rest_route=%2Fwp%2Fv2%2Fproduct_tag&post=44432"}],"curies":[{"name":"wp","href":"https:\/\/api.w.org\/{rel}","templated":true}]}}