{"id":44411,"date":"2026-01-27T20:27:37","date_gmt":"2026-01-27T20:27:37","guid":{"rendered":"https:\/\/www.deporteseli.com\/?product=zapatillas-hoops-4-0"},"modified":"2026-03-11T05:18:28","modified_gmt":"2026-03-11T05:18:28","slug":"zapatillas-hoops-4-0","status":"publish","type":"product","link":"https:\/\/www.deporteseli.com\/?product=zapatillas-hoops-4-0","title":{"rendered":"ZAPATILLAS HOOPS 4.0"},"content":{"rendered":"<p>ZAPATILLAS HOOPS 4.0  ZAPATOS INSPIRADOS EN LOS AROS CON TIRAS DE VELCRO.  Inspirados en los modelos cl\u00e1sicos de baloncesto, estos zapatos adidas son una incorporaci\u00f3n vers\u00e1til a tu colecci\u00f3n diaria. La silueta de perfil bajo y la parte superior de cuero sint\u00e9tico los hacen totalmente ponibles. Las correas con velcro hacen que pon\u00e9rselos y quit\u00e1rselos sea muy f\u00e1cil. La suela de goma toma como referencia el dise\u00f1o de los estilos cl\u00e1sicos de baloncesto.  Ajuste regular  Cierre de velcro  Parte superior de cuero sint\u00e9tico  Cuello y forro de malla.  Entresuela acolchada  Suela de goma  C\u00f3digo de producto: JI3482                                                                                                                                                                                                                                                                                                                                                                                                                                                                                                                                                                                                                                                                                                                                                                                                                                                                                                                                                                                                                                        <\/p>\n","protected":false},"excerpt":{"rendered":"<p>ZAPATILLAS HOOPS 4.0<\/p>\n","protected":false},"featured_media":57589,"template":"","meta":[],"product_brand":[],"product_cat":[310],"product_tag":[18],"class_list":{"0":"post-44411","1":"product","2":"type-product","3":"status-publish","4":"has-post-thumbnail","6":"product_cat-nino_calzado_casual","7":"product_tag-adidas","8":"pa_color-unico","9":"pa_talla-125","10":"pa_talla-127","11":"pa_talla-129","12":"pa_talla-131","13":"pa_talla-133","14":"pa_talla-135","15":"pa_talla-137","16":"pa_talla-139","17":"thunk-woo-product-list","18":"opn-qv-enable","19":"open-woo-hover-","20":"open-single-product-tab-horizontal","21":"open-shadow-","22":"open-shadow-hover-","24":"first","25":"instock","26":"sale","27":"shipping-taxable","28":"purchasable","29":"product-type-variable"},"jetpack_sharing_enabled":true,"_links":{"self":[{"href":"https:\/\/www.deporteseli.com\/index.php?rest_route=\/wp\/v2\/product\/44411","targetHints":{"allow":["GET"]}}],"collection":[{"href":"https:\/\/www.deporteseli.com\/index.php?rest_route=\/wp\/v2\/product"}],"about":[{"href":"https:\/\/www.deporteseli.com\/index.php?rest_route=\/wp\/v2\/types\/product"}],"wp:featuredmedia":[{"embeddable":true,"href":"https:\/\/www.deporteseli.com\/index.php?rest_route=\/wp\/v2\/media\/57589"}],"wp:attachment":[{"href":"https:\/\/www.deporteseli.com\/index.php?rest_route=%2Fwp%2Fv2%2Fmedia&parent=44411"}],"wp:term":[{"taxonomy":"product_brand","embeddable":true,"href":"https:\/\/www.deporteseli.com\/index.php?rest_route=%2Fwp%2Fv2%2Fproduct_brand&post=44411"},{"taxonomy":"product_cat","embeddable":true,"href":"https:\/\/www.deporteseli.com\/index.php?rest_route=%2Fwp%2Fv2%2Fproduct_cat&post=44411"},{"taxonomy":"product_tag","embeddable":true,"href":"https:\/\/www.deporteseli.com\/index.php?rest_route=%2Fwp%2Fv2%2Fproduct_tag&post=44411"}],"curies":[{"name":"wp","href":"https:\/\/api.w.org\/{rel}","templated":true}]}}