{"id":44409,"date":"2026-01-27T20:27:33","date_gmt":"2026-01-27T20:27:33","guid":{"rendered":"https:\/\/www.deporteseli.com\/?product=tenis-hoops-4-0"},"modified":"2026-01-27T20:27:36","modified_gmt":"2026-01-27T20:27:36","slug":"tenis-hoops-4-0","status":"publish","type":"product","link":"https:\/\/www.deporteseli.com\/?product=tenis-hoops-4-0","title":{"rendered":"TENIS HOOPS 4.0"},"content":{"rendered":"<p>TENIS INSPIRADOS EN EL B\u00c1SQUET CON TIRAS AJUSTABLES DE CIERRE POR CONTACTO  Inspirados en modelos cl\u00e1sicos de b\u00e1squet, estos tenis adidas lucen un dise\u00f1o vers\u00e1til que encaja a la perfecci\u00f3n en tu rutina diaria. La silueta de corte bajo y el exterior de piel sint\u00e9tica los hacen muy f\u00e1ciles de combinar. Las tiras ajustables de cierre por contacto hacen que sean f\u00e1ciles de poner y quitar. La suela tipo cupsole de caucho se inspira en los modelos cl\u00e1sicos de b\u00e1squet.  Ajuste cl\u00e1sico  Tira ajustable de cierre por contacto  Exterior de piel sint\u00e9tica  Panel alrededor del tobillo y forro de malla  Mediasuela con amortiguaci\u00f3n  Suela tipo cupsole de caucho  Color del art\u00edculo: Cloud White \/ Pink Fusion \/ Grey Two  N\u00famero de art\u00edculo: JI0907                                                                                                                                                                                                                                                                                                                                                                                                                                                                                                                                                                                                                                                                                                                                                                                                                                                                                                                                                                                                                                        <\/p>\n","protected":false},"excerpt":{"rendered":"<p>TENIS HOOPS 4.0<\/p>\n","protected":false},"featured_media":57584,"template":"","meta":[],"product_brand":[],"product_cat":[392],"product_tag":[18],"class_list":{"0":"post-44409","1":"product","2":"type-product","3":"status-publish","4":"has-post-thumbnail","6":"product_cat-ninas_calzado_casual","7":"product_tag-adidas","8":"pa_color-unico","9":"pa_talla-127","10":"thunk-woo-product-list","11":"opn-qv-enable","12":"open-woo-hover-","13":"open-single-product-tab-horizontal","14":"open-shadow-","15":"open-shadow-hover-","17":"first","18":"instock","19":"sale","20":"shipping-taxable","21":"purchasable","22":"product-type-variable"},"jetpack_sharing_enabled":true,"_links":{"self":[{"href":"https:\/\/www.deporteseli.com\/index.php?rest_route=\/wp\/v2\/product\/44409","targetHints":{"allow":["GET"]}}],"collection":[{"href":"https:\/\/www.deporteseli.com\/index.php?rest_route=\/wp\/v2\/product"}],"about":[{"href":"https:\/\/www.deporteseli.com\/index.php?rest_route=\/wp\/v2\/types\/product"}],"wp:featuredmedia":[{"embeddable":true,"href":"https:\/\/www.deporteseli.com\/index.php?rest_route=\/wp\/v2\/media\/57584"}],"wp:attachment":[{"href":"https:\/\/www.deporteseli.com\/index.php?rest_route=%2Fwp%2Fv2%2Fmedia&parent=44409"}],"wp:term":[{"taxonomy":"product_brand","embeddable":true,"href":"https:\/\/www.deporteseli.com\/index.php?rest_route=%2Fwp%2Fv2%2Fproduct_brand&post=44409"},{"taxonomy":"product_cat","embeddable":true,"href":"https:\/\/www.deporteseli.com\/index.php?rest_route=%2Fwp%2Fv2%2Fproduct_cat&post=44409"},{"taxonomy":"product_tag","embeddable":true,"href":"https:\/\/www.deporteseli.com\/index.php?rest_route=%2Fwp%2Fv2%2Fproduct_tag&post=44409"}],"curies":[{"name":"wp","href":"https:\/\/api.w.org\/{rel}","templated":true}]}}