{"id":44384,"date":"2026-01-27T20:26:59","date_gmt":"2026-01-27T20:26:59","guid":{"rendered":"https:\/\/www.deporteseli.com\/?product=adidas-pantalones-cortos-squadra-25"},"modified":"2026-03-07T06:14:16","modified_gmt":"2026-03-07T06:14:16","slug":"adidas-pantalones-cortos-squadra-25","status":"publish","type":"product","link":"https:\/\/www.deporteseli.com\/?product=adidas-pantalones-cortos-squadra-25","title":{"rendered":"ADIDAS &#8211; PANTALONES CORTOS SQUADRA 25"},"content":{"rendered":"<p>DESCRIPCI\u00d3N DEL PRODUCTO    Viste y juega sinti\u00e9ndote parte de un aut\u00e9ntico equipo con este pantal\u00f3n corto adidas, dise\u00f1ado para ofrecerte todo el rendimiento y el estilo. Presenta una cintura con cord\u00f3n que te proporciona un ajuste a medida y la tecnolog\u00eda transpirable AEROREADY que mantiene la piel seca, ayud\u00e1ndote a desplegar todo tu talento en el campo. Comb\u00ednalo con la camiseta Squadra 25 para lucir un look profesional a la altura de tu f\u00fatbol.    Este producto se ha fabricado con un 100% de materiales reciclados. Utilizando materiales reciclados, reducimos los residuos, nuestra dependencia de los recursos finitos y la huella que generan los productos que fabricamos.  &#8211; Corte cl\u00e1sico  &#8211; Cintura el\u00e1stica con cord\u00f3n  &#8211; 100% poli\u00e9ster (reciclado)                                                                                                                                                                                                                                                                                                                                                                                                                                                                                                                                                                                                                                                                                                                                                                                                                                                                                                                                                                                                                                        <\/p>\n","protected":false},"excerpt":{"rendered":"<p>ADIDAS &#8211; PANTALONES CORTOS SQUADRA 25<\/p>\n","protected":false},"featured_media":57561,"template":"","meta":[],"product_brand":[],"product_cat":[251],"product_tag":[18],"class_list":{"0":"post-44384","1":"product","2":"type-product","3":"status-publish","4":"has-post-thumbnail","6":"product_cat-hombre_textil_shorts","7":"product_tag-adidas","8":"pa_color-unico","9":"pa_talla-s","10":"thunk-woo-product-list","11":"opn-qv-enable","12":"open-woo-hover-","13":"open-single-product-tab-horizontal","14":"open-shadow-","15":"open-shadow-hover-","17":"first","18":"instock","19":"shipping-taxable","20":"purchasable","21":"product-type-variable"},"jetpack_sharing_enabled":true,"_links":{"self":[{"href":"https:\/\/www.deporteseli.com\/index.php?rest_route=\/wp\/v2\/product\/44384","targetHints":{"allow":["GET"]}}],"collection":[{"href":"https:\/\/www.deporteseli.com\/index.php?rest_route=\/wp\/v2\/product"}],"about":[{"href":"https:\/\/www.deporteseli.com\/index.php?rest_route=\/wp\/v2\/types\/product"}],"wp:featuredmedia":[{"embeddable":true,"href":"https:\/\/www.deporteseli.com\/index.php?rest_route=\/wp\/v2\/media\/57561"}],"wp:attachment":[{"href":"https:\/\/www.deporteseli.com\/index.php?rest_route=%2Fwp%2Fv2%2Fmedia&parent=44384"}],"wp:term":[{"taxonomy":"product_brand","embeddable":true,"href":"https:\/\/www.deporteseli.com\/index.php?rest_route=%2Fwp%2Fv2%2Fproduct_brand&post=44384"},{"taxonomy":"product_cat","embeddable":true,"href":"https:\/\/www.deporteseli.com\/index.php?rest_route=%2Fwp%2Fv2%2Fproduct_cat&post=44384"},{"taxonomy":"product_tag","embeddable":true,"href":"https:\/\/www.deporteseli.com\/index.php?rest_route=%2Fwp%2Fv2%2Fproduct_tag&post=44384"}],"curies":[{"name":"wp","href":"https:\/\/api.w.org\/{rel}","templated":true}]}}