{"id":44379,"date":"2026-01-27T20:26:52","date_gmt":"2026-01-27T20:26:52","guid":{"rendered":"https:\/\/www.deporteseli.com\/?product=camiseta-essentials-single-jersey-3-bandas"},"modified":"2026-04-24T04:17:39","modified_gmt":"2026-04-24T04:17:39","slug":"camiseta-essentials-single-jersey-3-bandas","status":"publish","type":"product","link":"https:\/\/www.deporteseli.com\/?product=camiseta-essentials-single-jersey-3-bandas","title":{"rendered":"CAMISETA ESSENTIALS SINGLE JERSEY 3 BANDAS"},"content":{"rendered":"<p>CAMISETA ESSENTIALS SINGLE JERSEY 3 BANDAS  UNA CAMISETA VERS\u00c1TIL CON UN DISE\u00d1O DEPORTIVO.  No importa si tu d\u00eda exige comodidad o estilo, esta camiseta adidas te ofrece ambas. El tejido jersey suave te envuelve con comodidad, mientras que las ic\u00f3nicas 3 Rayas y el logo bordado destacan tu lado deportivo. \u00dasala con jeans, joggers o pantalones cargo, no hay forma de equivocarse con esta camiseta.  Ajuste cl\u00e1sico  Cuello redondo acanalado  100 % algod\u00f3n  Hombro ligeramente ca\u00eddo  C\u00f3digo del producto : JE6386                                                                                                                                                                                                                                                                                                                                                                                                                                                                                                                                                                                                                                                                                                                                                                                                                                                                                                                                                                                                                                        <\/p>\n","protected":false},"excerpt":{"rendered":"<p>CAMISETA ESSENTIALS SINGLE JERSEY 3 BANDAS<\/p>\n","protected":false},"featured_media":57555,"template":"","meta":[],"product_brand":[],"product_cat":[245],"product_tag":[18],"class_list":{"0":"post-44379","1":"product","2":"type-product","3":"status-publish","4":"has-post-thumbnail","6":"product_cat-hombre_textil_camisetas","7":"product_tag-adidas","8":"pa_color-unico","9":"pa_talla-l","10":"pa_talla-m","11":"pa_talla-s","12":"pa_talla-xl","13":"thunk-woo-product-list","14":"opn-qv-enable","15":"open-woo-hover-","16":"open-single-product-tab-horizontal","17":"open-shadow-","18":"open-shadow-hover-","20":"first","21":"instock","22":"shipping-taxable","23":"purchasable","24":"product-type-variable"},"jetpack_sharing_enabled":true,"_links":{"self":[{"href":"https:\/\/www.deporteseli.com\/index.php?rest_route=\/wp\/v2\/product\/44379","targetHints":{"allow":["GET"]}}],"collection":[{"href":"https:\/\/www.deporteseli.com\/index.php?rest_route=\/wp\/v2\/product"}],"about":[{"href":"https:\/\/www.deporteseli.com\/index.php?rest_route=\/wp\/v2\/types\/product"}],"wp:featuredmedia":[{"embeddable":true,"href":"https:\/\/www.deporteseli.com\/index.php?rest_route=\/wp\/v2\/media\/57555"}],"wp:attachment":[{"href":"https:\/\/www.deporteseli.com\/index.php?rest_route=%2Fwp%2Fv2%2Fmedia&parent=44379"}],"wp:term":[{"taxonomy":"product_brand","embeddable":true,"href":"https:\/\/www.deporteseli.com\/index.php?rest_route=%2Fwp%2Fv2%2Fproduct_brand&post=44379"},{"taxonomy":"product_cat","embeddable":true,"href":"https:\/\/www.deporteseli.com\/index.php?rest_route=%2Fwp%2Fv2%2Fproduct_cat&post=44379"},{"taxonomy":"product_tag","embeddable":true,"href":"https:\/\/www.deporteseli.com\/index.php?rest_route=%2Fwp%2Fv2%2Fproduct_tag&post=44379"}],"curies":[{"name":"wp","href":"https:\/\/api.w.org\/{rel}","templated":true}]}}