{"id":44364,"date":"2026-01-27T20:26:33","date_gmt":"2026-01-27T20:26:33","guid":{"rendered":"https:\/\/www.deporteseli.com\/?product=sandalias-de-recuperacion-reebok-dmx"},"modified":"2026-01-27T20:26:39","modified_gmt":"2026-01-27T20:26:39","slug":"sandalias-de-recuperacion-reebok-dmx","status":"publish","type":"product","link":"https:\/\/www.deporteseli.com\/?product=sandalias-de-recuperacion-reebok-dmx","title":{"rendered":"SANDALIAS DE RECUPERACI\u00f3N REEBOK DMX"},"content":{"rendered":"<p>REEBOK DMX   Las zapatillas Reebok DMX tienen un dise\u00f1o curvo poco convencional, una forma aerodin\u00e1mica y la tecnolog\u00eda DMX, que har\u00e1 que cada paso sea c\u00f3modo. Seg\u00fan Reebok, el dise\u00f1o de las zapatillas DMX te permite seguir la corriente, pero nosotros no estamos de acuerdo. Con las zapatillas DMX no te dejar\u00e1s llevar por la corriente, sino que ir\u00e1s en direcci\u00f3n contraria y ser\u00e1s diferente, pero de eso se trata precisamente, porque no quieres ser como los dem\u00e1s.    MATERIALES  Superior  Diez  : un material f\u00e1cil de mantener y muy \u00fatil en el tiempo de la lluvia.    Entresuela  Espuma DMX  : La espuma DMX es una tecnolog\u00eda de amortiguaci\u00f3n desarrollada por Reebok que ha revolucionado la comodidad y el rendimiento del calzado deportivo. La espuma DMX utiliza un sistema \u00fanico de transferencia de aire para proporcionar una amortiguaci\u00f3n din\u00e1mica que se adapta a los movimientos del usuario y ofrece una comodidad y una sujeci\u00f3n superiores. Esta tecnolog\u00eda es especialmente beneficiosa para los atletas que requieren una amortiguaci\u00f3n y un retorno de energ\u00eda fiables en el calzado deportivo.                                                                                                                                                                                                                                                                                                                                                                                                                                                                                                                                                                                                                                                                                                                                                                                                                                                                                                                                                                                                                                        <\/p>\n","protected":false},"excerpt":{"rendered":"<p>SANDALIAS DE RECUPERACI\u00f3N REEBOK DMX<\/p>\n","protected":false},"featured_media":57547,"template":"","meta":[],"product_brand":[],"product_cat":[265],"product_tag":[41],"class_list":{"0":"post-44364","1":"product","2":"type-product","3":"status-publish","4":"has-post-thumbnail","6":"product_cat-hombre_calzado_cholas","7":"product_tag-reebok","8":"pa_color-unico","9":"pa_talla-141","10":"pa_talla-37-5","11":"pa_talla-147","12":"pa_talla-40-5","13":"pa_talla-153","14":"thunk-woo-product-list","15":"opn-qv-enable","16":"open-woo-hover-","17":"open-single-product-tab-horizontal","18":"open-shadow-","19":"open-shadow-hover-","21":"first","22":"instock","23":"sale","24":"shipping-taxable","25":"purchasable","26":"product-type-variable"},"jetpack_sharing_enabled":true,"_links":{"self":[{"href":"https:\/\/www.deporteseli.com\/index.php?rest_route=\/wp\/v2\/product\/44364","targetHints":{"allow":["GET"]}}],"collection":[{"href":"https:\/\/www.deporteseli.com\/index.php?rest_route=\/wp\/v2\/product"}],"about":[{"href":"https:\/\/www.deporteseli.com\/index.php?rest_route=\/wp\/v2\/types\/product"}],"wp:featuredmedia":[{"embeddable":true,"href":"https:\/\/www.deporteseli.com\/index.php?rest_route=\/wp\/v2\/media\/57547"}],"wp:attachment":[{"href":"https:\/\/www.deporteseli.com\/index.php?rest_route=%2Fwp%2Fv2%2Fmedia&parent=44364"}],"wp:term":[{"taxonomy":"product_brand","embeddable":true,"href":"https:\/\/www.deporteseli.com\/index.php?rest_route=%2Fwp%2Fv2%2Fproduct_brand&post=44364"},{"taxonomy":"product_cat","embeddable":true,"href":"https:\/\/www.deporteseli.com\/index.php?rest_route=%2Fwp%2Fv2%2Fproduct_cat&post=44364"},{"taxonomy":"product_tag","embeddable":true,"href":"https:\/\/www.deporteseli.com\/index.php?rest_route=%2Fwp%2Fv2%2Fproduct_tag&post=44364"}],"curies":[{"name":"wp","href":"https:\/\/api.w.org\/{rel}","templated":true}]}}