{"id":44350,"date":"2026-01-27T20:26:14","date_gmt":"2026-01-27T20:26:14","guid":{"rendered":"https:\/\/www.deporteseli.com\/?product=gel-challenger-14-padel"},"modified":"2026-03-28T05:19:45","modified_gmt":"2026-03-28T05:19:45","slug":"gel-challenger-14-padel","status":"publish","type":"product","link":"https:\/\/www.deporteseli.com\/?product=gel-challenger-14-padel","title":{"rendered":"GEL-CHALLENGER 14 PADEL"},"content":{"rendered":"<p>Descripci\u00f3n  Las zapatillas de tenis GEL-CHALLENGER 14 ofrecen la estabilidad necesaria para cubrir la l\u00ednea de fondo sin que dejes de centrarte en controlar el punto.?    El empeine de la zapatilla mantiene los pies fijos en la superficie del calzado. Crea una sensaci\u00f3n de refuerzo durante las voleas o cuando golpeas tiros largos desde el fondo.?    Tecnolog\u00eda WINGWALL en el lateral que mejora la estabilidad durante los movimientos laterales. Esta caracter\u00edstica ofrece una buena sujeci\u00f3n para que puedas intensificar el golpe y darle a la pelota con m\u00e1s ritmo.?    La suela exterior tambi\u00e9n cuenta con una construcci\u00f3n de tal\u00f3n separada para ayudarte a experimentar mejor estabilidad durante aterrizajes bruscos.  Caracter\u00edsticas t\u00e9cnicas  Protector de puntera PGUARD  Mejora la durabilidad  Plantilla ORTHOLITE  Proporciona la comodidad de una pisada suave  Tecnolog\u00eda WINGWALL  Mejora la estabilidad.  Suela AHARPLUS  Mejora la durabilidad  Tecnolog\u00eda GEL en la parte posterior  Mejora la absorci\u00f3n de impactos y crea una sensaci\u00f3n m\u00e1s suave en la pisada.  La plantilla se elabora mediante un proceso de te\u00f1ido en soluci\u00f3n, que reduce el consumo de agua en aproximadamente un 33 % y las emisiones de carbono en aproximadamente un 45 % en comparaci\u00f3n con la tecnolog\u00eda de te\u00f1ido convencional                                                                                                                                                                                                                                                                                                                                                                                                                                                                                                                                                                                                                                                                                                                                                                                                                                                                                                                                                                                                                                        <\/p>\n","protected":false},"excerpt":{"rendered":"<p>GEL-CHALLENGER 14 PADEL<\/p>\n","protected":false},"featured_media":57529,"template":"","meta":[],"product_brand":[],"product_cat":[371],"product_tag":[19],"class_list":{"0":"post-44350","1":"product","2":"type-product","3":"status-publish","4":"has-post-thumbnail","6":"product_cat-padel_y_tenis_calzado","7":"product_tag-asics","8":"pa_color-unico","9":"pa_talla-147","10":"thunk-woo-product-list","11":"opn-qv-enable","12":"open-woo-hover-","13":"open-single-product-tab-horizontal","14":"open-shadow-","15":"open-shadow-hover-","17":"first","18":"instock","19":"shipping-taxable","20":"purchasable","21":"product-type-variable"},"jetpack_sharing_enabled":true,"_links":{"self":[{"href":"https:\/\/www.deporteseli.com\/index.php?rest_route=\/wp\/v2\/product\/44350","targetHints":{"allow":["GET"]}}],"collection":[{"href":"https:\/\/www.deporteseli.com\/index.php?rest_route=\/wp\/v2\/product"}],"about":[{"href":"https:\/\/www.deporteseli.com\/index.php?rest_route=\/wp\/v2\/types\/product"}],"wp:featuredmedia":[{"embeddable":true,"href":"https:\/\/www.deporteseli.com\/index.php?rest_route=\/wp\/v2\/media\/57529"}],"wp:attachment":[{"href":"https:\/\/www.deporteseli.com\/index.php?rest_route=%2Fwp%2Fv2%2Fmedia&parent=44350"}],"wp:term":[{"taxonomy":"product_brand","embeddable":true,"href":"https:\/\/www.deporteseli.com\/index.php?rest_route=%2Fwp%2Fv2%2Fproduct_brand&post=44350"},{"taxonomy":"product_cat","embeddable":true,"href":"https:\/\/www.deporteseli.com\/index.php?rest_route=%2Fwp%2Fv2%2Fproduct_cat&post=44350"},{"taxonomy":"product_tag","embeddable":true,"href":"https:\/\/www.deporteseli.com\/index.php?rest_route=%2Fwp%2Fv2%2Fproduct_tag&post=44350"}],"curies":[{"name":"wp","href":"https:\/\/api.w.org\/{rel}","templated":true}]}}