{"id":44342,"date":"2026-01-27T20:26:04","date_gmt":"2026-01-27T20:26:04","guid":{"rendered":"https:\/\/www.deporteseli.com\/?product=gel-venture-10"},"modified":"2026-04-18T04:18:41","modified_gmt":"2026-04-18T04:18:41","slug":"gel-venture-10","status":"publish","type":"product","link":"https:\/\/www.deporteseli.com\/?product=gel-venture-10","title":{"rendered":"GEL-VENTURE 10"},"content":{"rendered":"<p>Descripci\u00f3n  La zapatilla GEL-VENTURE 10 est\u00e1 dise\u00f1ada para ayudar a proporcionar un buen confort. Su dise\u00f1o funcional y estrat\u00e9gico permite cambiar del entorno natural a las calles de la ciudad.?    La mediasuela cuenta con amortiguaci\u00f3n AMPLIFOAM y tecnolog\u00eda GEL en la parte posterior del pie que proporciona una sensaci\u00f3n m\u00e1s suave y c\u00f3moda bajo los pies.?    Adem\u00e1s, la suela incluye un dibujo en relieve de tracci\u00f3n avanzada muy pr\u00e1ctico para las superficies de carretera y caminos.  Pronaci\u00f3n  Dise\u00f1ada para NeutraSubpronaci\u00f3n  Neutra  Tipo de pie  Arco de tama\u00f1o est\u00e1ndar  Empuje  La distribuci\u00f3n desde el antepi\u00e9 est\u00e1 equilibrada.  C\u00f3mo entra en contacto el pie con el suelo  El pie aterriza sobre la parte exterior del tal\u00f3n y se desplaza hacia dentro (pronaci\u00f3n) para absorber los impactos y soportar el peso corporal.  Subpronaci\u00f3n  Tipo de pie  Arco alto  Empuje  La presi\u00f3n recae en los dedos m\u00e1s peque\u00f1os y en la parte exterior del pie.  C\u00f3mo entra en contacto el pie con el suelo  El exterior del tal\u00f3n golpea el suelo en un \u00e1ngulo aumentado con una pronaci\u00f3n leve o poco habitual, lo que transmite grandes impactos a la parte inferior de la pierna.                                                                                                                                                                                                                                                                                                                                                                                                                                                                                                                                                                                                                                                                                                                                                                                                                                                                                                                                                                                                                                        <\/p>\n","protected":false},"excerpt":{"rendered":"<p>GEL-VENTURE 10<\/p>\n","protected":false},"featured_media":57519,"template":"","meta":[],"product_brand":[],"product_cat":[286],"product_tag":[19],"class_list":{"0":"post-44342","1":"product","2":"type-product","3":"status-publish","4":"has-post-thumbnail","6":"product_cat-mujer_calzado_trail","7":"product_tag-asics","8":"pa_color-unico","9":"pa_talla-143","10":"pa_talla-145","11":"pa_talla-147","12":"pa_talla-40-5","13":"pa_talla-41-5","14":"thunk-woo-product-list","15":"opn-qv-enable","16":"open-woo-hover-","17":"open-single-product-tab-horizontal","18":"open-shadow-","19":"open-shadow-hover-","21":"first","22":"instock","23":"sale","24":"shipping-taxable","25":"purchasable","26":"product-type-variable"},"jetpack_sharing_enabled":true,"_links":{"self":[{"href":"https:\/\/www.deporteseli.com\/index.php?rest_route=\/wp\/v2\/product\/44342","targetHints":{"allow":["GET"]}}],"collection":[{"href":"https:\/\/www.deporteseli.com\/index.php?rest_route=\/wp\/v2\/product"}],"about":[{"href":"https:\/\/www.deporteseli.com\/index.php?rest_route=\/wp\/v2\/types\/product"}],"wp:featuredmedia":[{"embeddable":true,"href":"https:\/\/www.deporteseli.com\/index.php?rest_route=\/wp\/v2\/media\/57519"}],"wp:attachment":[{"href":"https:\/\/www.deporteseli.com\/index.php?rest_route=%2Fwp%2Fv2%2Fmedia&parent=44342"}],"wp:term":[{"taxonomy":"product_brand","embeddable":true,"href":"https:\/\/www.deporteseli.com\/index.php?rest_route=%2Fwp%2Fv2%2Fproduct_brand&post=44342"},{"taxonomy":"product_cat","embeddable":true,"href":"https:\/\/www.deporteseli.com\/index.php?rest_route=%2Fwp%2Fv2%2Fproduct_cat&post=44342"},{"taxonomy":"product_tag","embeddable":true,"href":"https:\/\/www.deporteseli.com\/index.php?rest_route=%2Fwp%2Fv2%2Fproduct_tag&post=44342"}],"curies":[{"name":"wp","href":"https:\/\/api.w.org\/{rel}","templated":true}]}}