{"id":44337,"date":"2026-01-27T20:25:58","date_gmt":"2026-01-27T20:25:58","guid":{"rendered":"https:\/\/www.deporteseli.com\/?product=gel-kayano-31-2"},"modified":"2026-01-27T20:26:03","modified_gmt":"2026-01-27T20:26:03","slug":"gel-kayano-31-2","status":"publish","type":"product","link":"https:\/\/www.deporteseli.com\/?product=gel-kayano-31-2","title":{"rendered":"GEL-KAYANO 31"},"content":{"rendered":"<p>Descripci\u00f3n  La zapatilla de running GEL-KAYANO 31 combina la mejor sujeci\u00f3n con la m\u00e1xima comodidad para que puedas correr con total tranquilidad. Nuestra zapatilla con la mayor estabilidad hasta ahora. Para que corras m\u00e1s durante m\u00e1s tiempo. Gracias una estabilidad adaptable y una comodidad superior, podr\u00edas estar corriendo todo el d\u00eda.    La tecnolog\u00eda 4D GUIDANCE SYSTEM es un revolucionario sistema para estabilizar la pisada durante la carrera, sin reducir en ning\u00fan momento la comodidad. De hecho, gracias a la combinaci\u00f3n de la tecnolog\u00eda PureGEL y la suave espuma FF BLAST PLUS ECO, disfrutar\u00e1s de una incre\u00edble sensaci\u00f3n de confort cada vez que salgas a la calle.    \u00bfQu\u00e9 hace que la zapatilla de running GEL-KAYANO 31 ofrezca tanta sujeci\u00f3n y comodidad?    Incorpora la revolucionaria tecnolog\u00eda 4D GUIDANCE SYSTEM, que adapta la estabilidad cuando m\u00e1s lo necesitas para seguir corriendo durante m\u00e1s tiempo.  La tecnolog\u00eda PureGEL, m\u00e1s suave y con mejor absorci\u00f3n de impactos, reduce la presi\u00f3n en las articulaciones para que puedas seguir corriendo c\u00f3modamente.  La espuma FF BLAST PLUS ECO proporciona un aterrizaje m\u00e1s suave y una amortiguaci\u00f3n m\u00e1s reactiva para que disfrutes corriendo tambi\u00e9n en superficies m\u00e1s duras.  \u00bfPor qu\u00e9 otras cualidades destaca la zapatilla GEL-KAYANO 31 ?    El dise\u00f1o de esta zapatilla se centra en la protecci\u00f3n y la comodidad. Hemos dedicado una infinidad de horas a probarla y perfeccionarla en nuestro Institute of Sport Science (ISS) en Jap\u00f3n. La zapatilla de running GEL-KAYANO 31 incluye m\u00e1s caracter\u00edsticas t\u00e9cnicas para ayudarte durante la carrera. Puedes consultarlas a continuaci\u00f3n en la secci\u00f3n  Caracter\u00edsticas t\u00e9cnicas .  Pronaci\u00f3n  Dise\u00f1ada para NeutraSobrepronadores  Neutra  Tipo de pie  Arco de tama\u00f1o est\u00e1ndar  Empuje  La distribuci\u00f3n desde el antepi\u00e9 est\u00e1 equilibrada.  C\u00f3mo entra en contacto el pie con el suelo  El pie aterriza sobre la parte exterior del tal\u00f3n y se desplaza hacia dentro (pronaci\u00f3n) para absorber los impactos y soportar el peso corporal.  Sobrepronadores  Tipo de pie  Arco bajo y pie plano  Empuje  La mayor parte del esfuerzo recae en el dedo gordo y en el segundo.  C\u00f3mo entra en contacto el pie con el suelo  El pie aterriza sobre la parte exterior del tal\u00f3n y se desplaza hacia dentro (pronaci\u00f3n) en exceso, lo que transfiere el peso al extremo interior en lugar de al antepi\u00e9.                                                                                                                                                                                                                                                                                                                                                                                                                                                                                                                                                                                                                                                                                                                                                                                                                                                                                                                                                                                                                                        <\/p>\n","protected":false},"excerpt":{"rendered":"<p>GEL-KAYANO 31<\/p>\n","protected":false},"featured_media":57515,"template":"","meta":[],"product_brand":[],"product_cat":[259],"product_tag":[19],"class_list":{"0":"post-44337","1":"product","2":"type-product","3":"status-publish","4":"has-post-thumbnail","6":"product_cat-hombre_calzado_running","7":"product_tag-asics","8":"pa_color-unico","9":"pa_talla-41-5","10":"pa_talla-153","11":"pa_talla-42-5","12":"pa_talla-43-5","13":"thunk-woo-product-list","14":"opn-qv-enable","15":"open-woo-hover-","16":"open-single-product-tab-horizontal","17":"open-shadow-","18":"open-shadow-hover-","20":"first","21":"instock","22":"sale","23":"shipping-taxable","24":"purchasable","25":"product-type-variable"},"jetpack_sharing_enabled":true,"_links":{"self":[{"href":"https:\/\/www.deporteseli.com\/index.php?rest_route=\/wp\/v2\/product\/44337","targetHints":{"allow":["GET"]}}],"collection":[{"href":"https:\/\/www.deporteseli.com\/index.php?rest_route=\/wp\/v2\/product"}],"about":[{"href":"https:\/\/www.deporteseli.com\/index.php?rest_route=\/wp\/v2\/types\/product"}],"wp:featuredmedia":[{"embeddable":true,"href":"https:\/\/www.deporteseli.com\/index.php?rest_route=\/wp\/v2\/media\/57515"}],"wp:attachment":[{"href":"https:\/\/www.deporteseli.com\/index.php?rest_route=%2Fwp%2Fv2%2Fmedia&parent=44337"}],"wp:term":[{"taxonomy":"product_brand","embeddable":true,"href":"https:\/\/www.deporteseli.com\/index.php?rest_route=%2Fwp%2Fv2%2Fproduct_brand&post=44337"},{"taxonomy":"product_cat","embeddable":true,"href":"https:\/\/www.deporteseli.com\/index.php?rest_route=%2Fwp%2Fv2%2Fproduct_cat&post=44337"},{"taxonomy":"product_tag","embeddable":true,"href":"https:\/\/www.deporteseli.com\/index.php?rest_route=%2Fwp%2Fv2%2Fproduct_tag&post=44337"}],"curies":[{"name":"wp","href":"https:\/\/api.w.org\/{rel}","templated":true}]}}