{"id":44335,"date":"2026-01-27T20:25:55","date_gmt":"2026-01-27T20:25:55","guid":{"rendered":"https:\/\/www.deporteseli.com\/?product=game-ff-padel"},"modified":"2026-03-09T09:29:18","modified_gmt":"2026-03-09T09:29:18","slug":"game-ff-padel","status":"publish","type":"product","link":"https:\/\/www.deporteseli.com\/?product=game-ff-padel","title":{"rendered":"GAME FF PADEL"},"content":{"rendered":"<p>Descripci\u00f3n  Ligeras y flexibles, las zapatillas GEL-GAME FF PADEL son un modelo vers\u00e1til para jugadores de todo tipo de pistas. Esta temporada nos hemos centrado en mejorar la ventilaci\u00f3n y la flexibilidad de esta zapatilla, manteniendo sus excelentes propiedades de sujeci\u00f3n.    Con un dise\u00f1o de malla abierta en la parte superior para mejorar el flujo de aire y mantener los pies frescos, esta zapatilla se complementa con revestimientos de cuero sint\u00e9tico y una capa de PU (poliuretano) que aportan una mayor estabilidad al realizar transiciones bruscas.    Con un dise\u00f1o de malla abierta en la parte superior para mejorar el flujo de aire y mantener los pies frescos, esta zapatilla se complementa con revestimientos de cuero sint\u00e9tico y una capa de PU (poliuretano) que aportan una mayor estabilidad al realizar transiciones bruscas. A su vez, la tecnolog\u00eda FLYTEFOAM de la mediasuela ayuda a proporcionar una amortiguaci\u00f3n ligera.  Caracter\u00edsticas t\u00e9cnicas  Dise\u00f1o de malla  Mejora la transpirabilidad  Tecnolog\u00eda TRUSSTIC  Mejora la estabilidad  Amortiguaci\u00f3n FLYTEFOAM  Proporciona una amortiguaci\u00f3n ligera  Suela para pista de p\u00e1del                                                                                                                                                                                                                                                                                                                                                                                                                                                                                                                                                                                                                                                                                                                                                                                                                                                                                                                                                                                                                                        <\/p>\n","protected":false},"excerpt":{"rendered":"<p>GAME FF PADEL<\/p>\n","protected":false},"featured_media":57509,"template":"","meta":[],"product_brand":[],"product_cat":[371],"product_tag":[19],"class_list":{"0":"post-44335","1":"product","2":"type-product","3":"status-publish","4":"has-post-thumbnail","6":"product_cat-padel_y_tenis_calzado","7":"product_tag-asics","8":"pa_color-unico","9":"pa_talla-163","10":"thunk-woo-product-list","11":"opn-qv-enable","12":"open-woo-hover-","13":"open-single-product-tab-horizontal","14":"open-shadow-","15":"open-shadow-hover-","17":"first","18":"instock","19":"sale","20":"shipping-taxable","21":"purchasable","22":"product-type-variable"},"jetpack_sharing_enabled":true,"_links":{"self":[{"href":"https:\/\/www.deporteseli.com\/index.php?rest_route=\/wp\/v2\/product\/44335","targetHints":{"allow":["GET"]}}],"collection":[{"href":"https:\/\/www.deporteseli.com\/index.php?rest_route=\/wp\/v2\/product"}],"about":[{"href":"https:\/\/www.deporteseli.com\/index.php?rest_route=\/wp\/v2\/types\/product"}],"wp:featuredmedia":[{"embeddable":true,"href":"https:\/\/www.deporteseli.com\/index.php?rest_route=\/wp\/v2\/media\/57509"}],"wp:attachment":[{"href":"https:\/\/www.deporteseli.com\/index.php?rest_route=%2Fwp%2Fv2%2Fmedia&parent=44335"}],"wp:term":[{"taxonomy":"product_brand","embeddable":true,"href":"https:\/\/www.deporteseli.com\/index.php?rest_route=%2Fwp%2Fv2%2Fproduct_brand&post=44335"},{"taxonomy":"product_cat","embeddable":true,"href":"https:\/\/www.deporteseli.com\/index.php?rest_route=%2Fwp%2Fv2%2Fproduct_cat&post=44335"},{"taxonomy":"product_tag","embeddable":true,"href":"https:\/\/www.deporteseli.com\/index.php?rest_route=%2Fwp%2Fv2%2Fproduct_tag&post=44335"}],"curies":[{"name":"wp","href":"https:\/\/api.w.org\/{rel}","templated":true}]}}