{"id":44333,"date":"2026-01-27T20:25:52","date_gmt":"2026-01-27T20:25:52","guid":{"rendered":"https:\/\/www.deporteseli.com\/?product=pala-de-padel-coello-motion-2025"},"modified":"2026-03-06T12:09:56","modified_gmt":"2026-03-06T12:09:56","slug":"pala-de-padel-coello-motion-2025","status":"publish","type":"product","link":"https:\/\/www.deporteseli.com\/?product=pala-de-padel-coello-motion-2025","title":{"rendered":"PALA DE P\u00e1DEL COELLO MOTION 2025"},"content":{"rendered":"<p>DESCRIPCI\u00d3N  La PALA DE P\u00c1DEL COELLO MOTION 2025, de la colecci\u00f3n exclusiva Arturo Coello, ofrece potencia y manejabilidad para jugadores avanzados y de competici\u00f3n que buscan una versi\u00f3n m\u00e1s manejable y no tan exigente como el modelo Coello Pro.  Siente la potencia como el &#8216;Rey Arturo&#8217; con un modelo que es m\u00e1s f\u00e1cil de manejar. La PALA DE P\u00c1DEL COELLO MOTION 2025, dise\u00f1ada y desarrollada en colaboraci\u00f3n con el n\u00famero 1 del mundo, Arturo Coello, es la versi\u00f3n ligera del modelo PRO de la colecci\u00f3n Arturo Coello. Esta pala en forma de diamante viene provista de un dise\u00f1o elegante con algunos toques personales, como el logotipo de la corona de Coello y su propia firma. Sin duda, ofrece una combinaci\u00f3n perfecta de potencia y manejabilidad para jugadores avanzados y de competici\u00f3n que buscan una pala de pura potencia y con mucha reactividad y explosividad en golpes r\u00e1pidos, pero m\u00e1s manejable.    La pala ayuda en golpes ofensivos como el smash, el vibora, remate X3 y las voleas agresivas, con un equilibrio medio-alto ideal para golpes por encima de la cabeza. La tecnolog\u00eda Auxetic 2.0 aporta un tacto y una sensaci\u00f3n incomparables, mientras que la goma Power Foam, ahora mejorada y m\u00e1s reactiva, ofrece potencia explosiva. Incluye la tecnolog\u00eda Extreme Spin, que ofrece m\u00e1s agarre y efecto, y una superficie de golpeo de carbono h\u00edbrido con una rigidez media-alta que mejora la potencia y el tacto. La construcci\u00f3n del marco de carbono es m\u00e1s r\u00edgida y reactiva para maximizar la transferencia de energ\u00eda, mientras que la tecnolog\u00eda Power Stabilizer ofrece un swing r\u00e1pido y una mayor estabilidad en la red.    \u00b7 Dise\u00f1ada para jugadores avanzados que buscan potencia y apoyo en ataque con una pala m\u00e1s manejable  \u00b7 Desarrollada en colaboraci\u00f3n con el &#8216;Rey Arturo&#8217;  \u00b7 Versi\u00f3n m\u00e1s ligera que la pala COELLO PRO 2025  \u00b7 Ayuda en golpes ofensivos como el smash, la v\u00edbora, remate X3 y voleas agresivas  \u00b7 Superficie de golpeo h\u00edbrido de carbono para una potencia y un tacto superiores, con rigidez media-alta  \u00b7 Goma Power Foam mejorada y m\u00e1s reactiva para una potencia explosiva  \u00b7 Tecnolog\u00eda Auxetic 2.0 para un tacto y una sensaci\u00f3n incomparables  \u00b7 Rugoso 3D en las caras para un mayor agarre de la pelota y un efecto superior  \u00b7 Marco de carbono, m\u00e1s r\u00edgido y m\u00e1s reactivo para maximizar la transferencia de energ\u00eda  \u00b7 Estabilizador de potencia para un swing r\u00e1pido y una mayor estabilidad  P                                                                                                                                                                                                                                                                                                                                                                                                                                                                                                                                                                                                                                                                                                                                                                                                                                                                                                                                                                                                                                        <\/p>\n","protected":false},"excerpt":{"rendered":"<p>PALA DE P\u00e1DEL COELLO MOTION 2025<\/p>\n","protected":false},"featured_media":57504,"template":"","meta":[],"product_brand":[],"product_cat":[353],"product_tag":[22],"class_list":{"0":"post-44333","1":"product","2":"type-product","3":"status-publish","4":"has-post-thumbnail","6":"product_cat-padel_y_tenis_palas","7":"product_tag-head","8":"pa_color-unico","9":"pa_talla-unica","10":"thunk-woo-product-list","11":"opn-qv-enable","12":"open-woo-hover-","13":"open-single-product-tab-horizontal","14":"open-shadow-","15":"open-shadow-hover-","17":"first","18":"instock","19":"sale","20":"shipping-taxable","21":"purchasable","22":"product-type-variable"},"jetpack_sharing_enabled":true,"_links":{"self":[{"href":"https:\/\/www.deporteseli.com\/index.php?rest_route=\/wp\/v2\/product\/44333","targetHints":{"allow":["GET"]}}],"collection":[{"href":"https:\/\/www.deporteseli.com\/index.php?rest_route=\/wp\/v2\/product"}],"about":[{"href":"https:\/\/www.deporteseli.com\/index.php?rest_route=\/wp\/v2\/types\/product"}],"wp:featuredmedia":[{"embeddable":true,"href":"https:\/\/www.deporteseli.com\/index.php?rest_route=\/wp\/v2\/media\/57504"}],"wp:attachment":[{"href":"https:\/\/www.deporteseli.com\/index.php?rest_route=%2Fwp%2Fv2%2Fmedia&parent=44333"}],"wp:term":[{"taxonomy":"product_brand","embeddable":true,"href":"https:\/\/www.deporteseli.com\/index.php?rest_route=%2Fwp%2Fv2%2Fproduct_brand&post=44333"},{"taxonomy":"product_cat","embeddable":true,"href":"https:\/\/www.deporteseli.com\/index.php?rest_route=%2Fwp%2Fv2%2Fproduct_cat&post=44333"},{"taxonomy":"product_tag","embeddable":true,"href":"https:\/\/www.deporteseli.com\/index.php?rest_route=%2Fwp%2Fv2%2Fproduct_tag&post=44333"}],"curies":[{"name":"wp","href":"https:\/\/api.w.org\/{rel}","templated":true}]}}