{"id":44331,"date":"2026-01-27T20:25:50","date_gmt":"2026-01-27T20:25:50","guid":{"rendered":"https:\/\/www.deporteseli.com\/?product=head-coello-pro-2025"},"modified":"2026-03-06T12:10:24","modified_gmt":"2026-03-06T12:10:24","slug":"head-coello-pro-2025","status":"publish","type":"product","link":"https:\/\/www.deporteseli.com\/?product=head-coello-pro-2025","title":{"rendered":"HEAD COELLO PRO 2025"},"content":{"rendered":"<p>La Head Coello Pro 2025 es una pala de diamante para alta competici\u00f3n, dise\u00f1ada con tecnolog\u00eda avanzada para jugadores expertos que buscan m\u00e1xima potencia y control en la pista. Pala de Arturo Coello 2025.  Siente la potencia como el &#8216;Rey Arturo&#8217;. Dise\u00f1ada y desarrollada en colaboraci\u00f3n con el n\u00famero 1 del mundo, Arturo Coello, esta versi\u00f3n de edici\u00f3n limitada de la PALA DE P\u00c1DEL COELLO PRO 2025 se presenta en un embalaje especial y viene con una tarjeta con un mensaje especial personal del n\u00famero 1 del mundo. La pala luce un dise\u00f1o exclusivo y elegante con toques personales como el logotipo y la firma de la corona de Coello. Es la pala m\u00e1s pesada y potente de la colecci\u00f3n HEAD Padel 2025, y est\u00e1 pensada para jugadores expertos y de competici\u00f3n que buscan pura potencia y la m\u00e1xima estabilidad al avanzar a la roja para atacar.    Esta pala en forma de diamante, que forma parte de la colecci\u00f3n Arturo Coello y se basa en la galardonada DELTA PRO, ofrece apoyo en golpes ofensivos como el smash, la v\u00edbora, remate X3 y voleas agresivas, con un equilibrio alto ideal para golpes pegadores. La tecnolog\u00eda Auxetic 2.0 aporta un tacto y una sensaci\u00f3n incomparables, adem\u00e1s de un impulso adicional de potencia, mientras que la espuma Power Foam, ahora mejorada y m\u00e1s reactiva, ofrece potencia explosiva. Otras prestaciones incluyen la tecnolog\u00eda Extreme Spin, que ofrece m\u00e1s agarre y efecto, y una superficie de golpeo h\u00edbrido de carbono con una rigidez media-alta que mejora la potencia y el tacto. La construcci\u00f3n del marco de carbono es m\u00e1s r\u00edgida y reactiva para maximizar la transferencia de energ\u00eda, mientras que la tecnolog\u00eda de estabilizaci\u00f3n de la potencia ofrece un swing r\u00e1pido y una mayor estabilidad.    \u00b7 Versi\u00f3n online en edici\u00f3n limitada  incluye un embalaje exclusivo y una tarjeta de felicitaci\u00f3n con un mensaje de Arturo Coello  \u00b7 Dise\u00f1ada para jugadores de competici\u00f3n y expertos que buscan potencia y estabilidad al avanzar a la red para atacar  \u00b7 Desarrollada en colaboraci\u00f3n con el &#8216;Rey Arturo&#8217;, con toques personales como su firma y el logotipo de una corona  \u00b7 La pala m\u00e1s pesada y m\u00e1s potente de la colecci\u00f3n HEAD Padel 2025  \u00b7 Admite golpes ofensivos como el smash, la v\u00edbora, sacarla X3 y las voleas agresivas  Superficie \u00b7 de golpeo de carbono h\u00edbrido para una potencia y un tacto superiores, con rigidez media-alta  \u00b7 Goma Power Foam mejorada y m\u00e1s reactiva para una potencia explosiva  \u00b7 Tecnolog\u00eda Auxetic 2.0 para un tacto y una sensaci\u00f3n incomparables, y un impulso adicional de potencia  \u00b7 Rugoso 3D en la cara para un mayor agarre de la pelota y mejores efectos  \u00b7 Marco fabricado completamente en fibra de carbono para maximizar la transferencia de energ\u00eda  \u00b7 Estabilizador de potencia para un swing r\u00e1pido y una mayor estabilidad  P  Marca Head  Color 2 Negro, Rojo  Producto Palas  Balance Alto  N\u00facleo Foam  Cara Carbono  Formato Normal  Nivel de Juego Avanzado \/ Competici\u00f3n  Acabado Mate  Forma Diamante  Superf\u00edcie Rugosa  Tipo de Juego Potencia  Colecci\u00f3n Jugadores Arturo Coello                                                                                                                                                                                                                                                                                                                                                                                                                                                                                                                                                                                                                                                                                                                                                                                                                                                                                                                                                                                                                                        <\/p>\n","protected":false},"excerpt":{"rendered":"<p>HEAD COELLO PRO 2025<\/p>\n","protected":false},"featured_media":57499,"template":"","meta":[],"product_brand":[],"product_cat":[353],"product_tag":[22],"class_list":{"0":"post-44331","1":"product","2":"type-product","3":"status-publish","4":"has-post-thumbnail","6":"product_cat-padel_y_tenis_palas","7":"product_tag-head","8":"pa_color-unico","9":"pa_talla-unica","10":"thunk-woo-product-list","11":"opn-qv-enable","12":"open-woo-hover-","13":"open-single-product-tab-horizontal","14":"open-shadow-","15":"open-shadow-hover-","17":"first","18":"instock","19":"sale","20":"shipping-taxable","21":"purchasable","22":"product-type-variable"},"jetpack_sharing_enabled":true,"_links":{"self":[{"href":"https:\/\/www.deporteseli.com\/index.php?rest_route=\/wp\/v2\/product\/44331","targetHints":{"allow":["GET"]}}],"collection":[{"href":"https:\/\/www.deporteseli.com\/index.php?rest_route=\/wp\/v2\/product"}],"about":[{"href":"https:\/\/www.deporteseli.com\/index.php?rest_route=\/wp\/v2\/types\/product"}],"wp:featuredmedia":[{"embeddable":true,"href":"https:\/\/www.deporteseli.com\/index.php?rest_route=\/wp\/v2\/media\/57499"}],"wp:attachment":[{"href":"https:\/\/www.deporteseli.com\/index.php?rest_route=%2Fwp%2Fv2%2Fmedia&parent=44331"}],"wp:term":[{"taxonomy":"product_brand","embeddable":true,"href":"https:\/\/www.deporteseli.com\/index.php?rest_route=%2Fwp%2Fv2%2Fproduct_brand&post=44331"},{"taxonomy":"product_cat","embeddable":true,"href":"https:\/\/www.deporteseli.com\/index.php?rest_route=%2Fwp%2Fv2%2Fproduct_cat&post=44331"},{"taxonomy":"product_tag","embeddable":true,"href":"https:\/\/www.deporteseli.com\/index.php?rest_route=%2Fwp%2Fv2%2Fproduct_tag&post=44331"}],"curies":[{"name":"wp","href":"https:\/\/api.w.org\/{rel}","templated":true}]}}