{"id":44318,"date":"2026-01-27T20:25:34","date_gmt":"2026-01-27T20:25:34","guid":{"rendered":"https:\/\/www.deporteseli.com\/?product=zapatillas-court-express-2-clay-2"},"modified":"2026-01-27T20:25:40","modified_gmt":"2026-01-27T20:25:40","slug":"zapatillas-court-express-2-clay-2","status":"publish","type":"product","link":"https:\/\/www.deporteseli.com\/?product=zapatillas-court-express-2-clay-2","title":{"rendered":"ZAPATILLAS COURT EXPRESS 2 CLAY"},"content":{"rendered":"<p>Construido sobre nuestra plataforma Express m\u00e1s vendida, el nuevo Court Express 2 es la opci\u00f3n perfecta para jugadores en desarrollo. Su cuarto de malla transpirable se combina con una entresuela K-EVA para m\u00e1xima comodidad y soporte. Una suela de goma Aosta 7.0 que no deja marcas con un patr\u00f3n en espiga ofrece una tracci\u00f3n \u00f3ptima y se extiende como protecci\u00f3n contra el arrastre para una mayor durabilidad. Este zapato combina una estructura sensible a la luz con componentes de comodidad mejorados, brind\u00e1ndote la ventaja que necesitas para mejorar tu juego.                                                                                                                                                                                                                                                                                                                                                                                                                                                                                                                                                                                                                                                                                                                                                                                                                                                                                                                                                                                                                                        <\/p>\n","protected":false},"excerpt":{"rendered":"<p>ZAPATILLAS COURT EXPRESS 2 CLAY<\/p>\n","protected":false},"featured_media":57489,"template":"","meta":[],"product_brand":[],"product_cat":[371],"product_tag":[26],"class_list":{"0":"post-44318","1":"product","2":"type-product","3":"status-publish","4":"has-post-thumbnail","6":"product_cat-padel_y_tenis_calzado","7":"product_tag-k-swiss","8":"pa_color-unico","9":"pa_talla-145","10":"pa_talla-147","11":"pa_talla-39-5","12":"pa_talla-149","13":"pa_talla-151","14":"thunk-woo-product-list","15":"opn-qv-enable","16":"open-woo-hover-","17":"open-single-product-tab-horizontal","18":"open-shadow-","19":"open-shadow-hover-","21":"first","22":"instock","23":"sale","24":"shipping-taxable","25":"purchasable","26":"product-type-variable"},"jetpack_sharing_enabled":true,"_links":{"self":[{"href":"https:\/\/www.deporteseli.com\/index.php?rest_route=\/wp\/v2\/product\/44318","targetHints":{"allow":["GET"]}}],"collection":[{"href":"https:\/\/www.deporteseli.com\/index.php?rest_route=\/wp\/v2\/product"}],"about":[{"href":"https:\/\/www.deporteseli.com\/index.php?rest_route=\/wp\/v2\/types\/product"}],"wp:featuredmedia":[{"embeddable":true,"href":"https:\/\/www.deporteseli.com\/index.php?rest_route=\/wp\/v2\/media\/57489"}],"wp:attachment":[{"href":"https:\/\/www.deporteseli.com\/index.php?rest_route=%2Fwp%2Fv2%2Fmedia&parent=44318"}],"wp:term":[{"taxonomy":"product_brand","embeddable":true,"href":"https:\/\/www.deporteseli.com\/index.php?rest_route=%2Fwp%2Fv2%2Fproduct_brand&post=44318"},{"taxonomy":"product_cat","embeddable":true,"href":"https:\/\/www.deporteseli.com\/index.php?rest_route=%2Fwp%2Fv2%2Fproduct_cat&post=44318"},{"taxonomy":"product_tag","embeddable":true,"href":"https:\/\/www.deporteseli.com\/index.php?rest_route=%2Fwp%2Fv2%2Fproduct_tag&post=44318"}],"curies":[{"name":"wp","href":"https:\/\/api.w.org\/{rel}","templated":true}]}}