{"id":44303,"date":"2026-01-27T20:25:10","date_gmt":"2026-01-27T20:25:10","guid":{"rendered":"https:\/\/www.deporteseli.com\/?product=zapatillas-hypercourt-express-2"},"modified":"2026-01-27T20:25:15","modified_gmt":"2026-01-27T20:25:15","slug":"zapatillas-hypercourt-express-2","status":"publish","type":"product","link":"https:\/\/www.deporteseli.com\/?product=zapatillas-hypercourt-express-2","title":{"rendered":"ZAPATILLAS HYPERCOURT EXPRESS 2"},"content":{"rendered":"<p>El zapato m\u00e1s vendido de K-Swiss, el Hypercourt Express 2, es ligero, c\u00f3modo, transpirable y tiene un ajuste generoso, lo que lo convierte en la opci\u00f3n ideal para una variedad de estilos y niveles de juego. Durawrap Flex brinda soporte al calzado sin per\u00edodo de adaptaci\u00f3n, mientras que la tecnolog\u00eda de entresuela Surgelite brinda comodidad durante todo el d\u00eda.                                                                                                                                                                                                                                                                                                                                                                                                                                                                                                                                                                                                                                                                                                                                                                                                                                                                                                                                                                                                                                        <\/p>\n","protected":false},"excerpt":{"rendered":"<p>ZAPATILLAS HYPERCOURT EXPRESS 2<\/p>\n","protected":false},"featured_media":57475,"template":"","meta":[],"product_brand":[],"product_cat":[371],"product_tag":[26],"class_list":{"0":"post-44303","1":"product","2":"type-product","3":"status-publish","4":"has-post-thumbnail","6":"product_cat-padel_y_tenis_calzado","7":"product_tag-k-swiss","8":"pa_color-unico","9":"pa_talla-41-5","10":"pa_talla-153","11":"pa_talla-155","12":"thunk-woo-product-list","13":"opn-qv-enable","14":"open-woo-hover-","15":"open-single-product-tab-horizontal","16":"open-shadow-","17":"open-shadow-hover-","19":"first","20":"instock","21":"sale","22":"shipping-taxable","23":"purchasable","24":"product-type-variable"},"jetpack_sharing_enabled":true,"_links":{"self":[{"href":"https:\/\/www.deporteseli.com\/index.php?rest_route=\/wp\/v2\/product\/44303","targetHints":{"allow":["GET"]}}],"collection":[{"href":"https:\/\/www.deporteseli.com\/index.php?rest_route=\/wp\/v2\/product"}],"about":[{"href":"https:\/\/www.deporteseli.com\/index.php?rest_route=\/wp\/v2\/types\/product"}],"wp:featuredmedia":[{"embeddable":true,"href":"https:\/\/www.deporteseli.com\/index.php?rest_route=\/wp\/v2\/media\/57475"}],"wp:attachment":[{"href":"https:\/\/www.deporteseli.com\/index.php?rest_route=%2Fwp%2Fv2%2Fmedia&parent=44303"}],"wp:term":[{"taxonomy":"product_brand","embeddable":true,"href":"https:\/\/www.deporteseli.com\/index.php?rest_route=%2Fwp%2Fv2%2Fproduct_brand&post=44303"},{"taxonomy":"product_cat","embeddable":true,"href":"https:\/\/www.deporteseli.com\/index.php?rest_route=%2Fwp%2Fv2%2Fproduct_cat&post=44303"},{"taxonomy":"product_tag","embeddable":true,"href":"https:\/\/www.deporteseli.com\/index.php?rest_route=%2Fwp%2Fv2%2Fproduct_tag&post=44303"}],"curies":[{"name":"wp","href":"https:\/\/api.w.org\/{rel}","templated":true}]}}