{"id":44288,"date":"2026-01-27T20:24:50","date_gmt":"2026-01-27T20:24:50","guid":{"rendered":"https:\/\/www.deporteseli.com\/?product=camisa-head-814435"},"modified":"2026-03-07T06:13:59","modified_gmt":"2026-03-07T06:13:59","slug":"camisa-head-814435","status":"publish","type":"product","link":"https:\/\/www.deporteseli.com\/?product=camisa-head-814435","title":{"rendered":"CAMISA HEAD 814435"},"content":{"rendered":"<p>Descripci\u00f3n  La camiseta de p\u00e1del Head Spirit II Tank Top para mujer en color verde es la opci\u00f3n ideal para las jugadoras que buscan comodidad y estilo en la cancha. Esta camiseta sin mangas est\u00e1 confeccionada en interlock con un 100 % poli\u00e9ster que proporciona un acabado absorbente, lo que garantiza que te mantendr\u00e1s fresca y seca durante tus partidos.  Su dise\u00f1o destaca por un corte muy ajustado que realza la figura femenina, brindando un toque moderno y atractivo. La impresi\u00f3n por sublimaci\u00f3n en la parte frontal a\u00f1ade un elemento visual \u00fanico que llama la atenci\u00f3n. Adem\u00e1s, cuenta con tecnolog\u00eda de transferencia de humedad de microfibra, perfecta para un rendimiento \u00f3ptimo en cada entrenamiento o competici\u00f3n.  Elige la camiseta Head Spirit II y disfruta de cada juego con confianza y comodidad. Ideal para quienes priorizan tanto el rendimiento como la est\u00e9tica.    Caracter\u00edsticas  Camiseta  Sin mangas  Interlock 100 % poli\u00e9ster con acabado absorbente.  Adornar el \u00e1rea femenina  Corte muy ajustado  Impresi\u00f3n por sublimaci\u00f3n sur le devant  Tecnolog\u00eda de transferencia de humedad de microfibra                                                                                                                                                                                                                                                                                                                                                                                                                                                                                                                                                                                                                                                                                                                                                                                                                                                                                                                                                                                                                                        <\/p>\n","protected":false},"excerpt":{"rendered":"<p>CAMISA HEAD 814435<\/p>\n","protected":false},"featured_media":57472,"template":"","meta":[],"product_brand":[],"product_cat":[364],"product_tag":[22],"class_list":{"0":"post-44288","1":"product","2":"type-product","3":"status-publish","4":"has-post-thumbnail","6":"product_cat-padel_y_tenis_textil_camisas","7":"product_tag-head","8":"pa_color-unico","9":"pa_talla-l","10":"pa_talla-m","11":"pa_talla-s","12":"pa_talla-xl","13":"pa_talla-xs","14":"thunk-woo-product-list","15":"opn-qv-enable","16":"open-woo-hover-","17":"open-single-product-tab-horizontal","18":"open-shadow-","19":"open-shadow-hover-","21":"first","22":"instock","23":"shipping-taxable","24":"purchasable","25":"product-type-variable"},"jetpack_sharing_enabled":true,"_links":{"self":[{"href":"https:\/\/www.deporteseli.com\/index.php?rest_route=\/wp\/v2\/product\/44288","targetHints":{"allow":["GET"]}}],"collection":[{"href":"https:\/\/www.deporteseli.com\/index.php?rest_route=\/wp\/v2\/product"}],"about":[{"href":"https:\/\/www.deporteseli.com\/index.php?rest_route=\/wp\/v2\/types\/product"}],"wp:featuredmedia":[{"embeddable":true,"href":"https:\/\/www.deporteseli.com\/index.php?rest_route=\/wp\/v2\/media\/57472"}],"wp:attachment":[{"href":"https:\/\/www.deporteseli.com\/index.php?rest_route=%2Fwp%2Fv2%2Fmedia&parent=44288"}],"wp:term":[{"taxonomy":"product_brand","embeddable":true,"href":"https:\/\/www.deporteseli.com\/index.php?rest_route=%2Fwp%2Fv2%2Fproduct_brand&post=44288"},{"taxonomy":"product_cat","embeddable":true,"href":"https:\/\/www.deporteseli.com\/index.php?rest_route=%2Fwp%2Fv2%2Fproduct_cat&post=44288"},{"taxonomy":"product_tag","embeddable":true,"href":"https:\/\/www.deporteseli.com\/index.php?rest_route=%2Fwp%2Fv2%2Fproduct_tag&post=44288"}],"curies":[{"name":"wp","href":"https:\/\/api.w.org\/{rel}","templated":true}]}}