{"id":44285,"date":"2026-01-27T20:24:46","date_gmt":"2026-01-27T20:24:46","guid":{"rendered":"https:\/\/www.deporteseli.com\/?product=camisa-head-811235"},"modified":"2026-03-07T06:13:53","modified_gmt":"2026-03-07T06:13:53","slug":"camisa-head-811235","status":"publish","type":"product","link":"https:\/\/www.deporteseli.com\/?product=camisa-head-811235","title":{"rendered":"CAMISA HEAD 811235"},"content":{"rendered":"<p>Con sus gr\u00e1ficos \u00fanicos, la camiseta de tenis para hombre Head Topspin Graphic es la elecci\u00f3n perfecta para aquellos que quieren destacarse en la pista, sin sacrificar la comodidad y el rendimiento. Fabricada con tejido ligero y transpirable, proporciona una ventilaci\u00f3n \u00f3ptima incluso durante los partidos m\u00e1s intensos, manteni\u00e9ndote fresco y listo para darlo todo en cada tiro.    Detalles:  Cuello en V  Dobladillo posterior m\u00e1s bajo para mayor cobertura  Logo Head impreso  Ajuste regular  Tejido: 100% poli\u00e9ster  MXM (Moisture Transfer Microfibre)  Transfiere el sudor a la superficie del material, donde se evapora, dando un efecto refrescante inmediato y manteniendo la piel seca incluso en los partidos m\u00e1s intensos.                                                                                                                                                                                                                                                                                                                                                                                                                                                                                                                                                                                                                                                                                                                                                                                                                                                                                                                                                                                                                                        <\/p>\n","protected":false},"excerpt":{"rendered":"<p>CAMISA HEAD 811235<\/p>\n","protected":false},"featured_media":57471,"template":"","meta":[],"product_brand":[],"product_cat":[364],"product_tag":[22],"class_list":{"0":"post-44285","1":"product","2":"type-product","3":"status-publish","4":"has-post-thumbnail","6":"product_cat-padel_y_tenis_textil_camisas","7":"product_tag-head","8":"pa_color-unico","9":"pa_talla-l","10":"pa_talla-s","11":"thunk-woo-product-list","12":"opn-qv-enable","13":"open-woo-hover-","14":"open-single-product-tab-horizontal","15":"open-shadow-","16":"open-shadow-hover-","18":"first","19":"instock","20":"shipping-taxable","21":"purchasable","22":"product-type-variable"},"jetpack_sharing_enabled":true,"_links":{"self":[{"href":"https:\/\/www.deporteseli.com\/index.php?rest_route=\/wp\/v2\/product\/44285","targetHints":{"allow":["GET"]}}],"collection":[{"href":"https:\/\/www.deporteseli.com\/index.php?rest_route=\/wp\/v2\/product"}],"about":[{"href":"https:\/\/www.deporteseli.com\/index.php?rest_route=\/wp\/v2\/types\/product"}],"wp:featuredmedia":[{"embeddable":true,"href":"https:\/\/www.deporteseli.com\/index.php?rest_route=\/wp\/v2\/media\/57471"}],"wp:attachment":[{"href":"https:\/\/www.deporteseli.com\/index.php?rest_route=%2Fwp%2Fv2%2Fmedia&parent=44285"}],"wp:term":[{"taxonomy":"product_brand","embeddable":true,"href":"https:\/\/www.deporteseli.com\/index.php?rest_route=%2Fwp%2Fv2%2Fproduct_brand&post=44285"},{"taxonomy":"product_cat","embeddable":true,"href":"https:\/\/www.deporteseli.com\/index.php?rest_route=%2Fwp%2Fv2%2Fproduct_cat&post=44285"},{"taxonomy":"product_tag","embeddable":true,"href":"https:\/\/www.deporteseli.com\/index.php?rest_route=%2Fwp%2Fv2%2Fproduct_tag&post=44285"}],"curies":[{"name":"wp","href":"https:\/\/api.w.org\/{rel}","templated":true}]}}