{"id":44281,"date":"2026-01-27T20:24:41","date_gmt":"2026-01-27T20:24:41","guid":{"rendered":"https:\/\/www.deporteseli.com\/?product=camisa-head-811215"},"modified":"2026-03-07T06:13:50","modified_gmt":"2026-03-07T06:13:50","slug":"camisa-head-811215","status":"publish","type":"product","link":"https:\/\/www.deporteseli.com\/?product=camisa-head-811215","title":{"rendered":"CAMISA HEAD 811215"},"content":{"rendered":"<p>El estilo deportivo y din\u00e1mico se une a la comodidad moderna y atl\u00e9tica en la SLICE T-SHIRT para hombre. Mientras que el dise\u00f1o color-block da a esta camiseta un aspecto y deportivo contempor\u00e1neo, las inserciones laterales de malla mejoran la transpirabilidad, ayudando a mantenerte fresco y c\u00f3modo cuando los partidos se calientan. Confeccionada con un tejido interlock 100 % poli\u00e9ster y con cuello redondo, la SLICE T-SHIRT incorpora la tecnolog\u00eda de alto rendimiento Moisture Transfer Microfibra, que aporta un efecto de enfriamiento y ayuda a que el tejido se seque r\u00e1pidamente. La marca HEAD y el ic\u00f3nico logo de espoleta son una marca de calidad y se suman al aspecto deportivo y de primera calidad.  Interlock 100 % poli\u00e9ster con mecha  Cuello Redondo  Inserciones de malla en los laterales para mejorar la transpirabilidad.  Dise\u00f1o color-block  Tecnolog\u00eda Microfibra de Transferencia de Humedad                                                                                                                                                                                                                                                                                                                                                                                                                                                                                                                                                                                                                                                                                                                                                                                                                                                                                                                                                                                                                                        <\/p>\n","protected":false},"excerpt":{"rendered":"<p>CAMISA HEAD 811215<\/p>\n","protected":false},"featured_media":57469,"template":"","meta":[],"product_brand":[],"product_cat":[364],"product_tag":[22],"class_list":{"0":"post-44281","1":"product","2":"type-product","3":"status-publish","4":"has-post-thumbnail","6":"product_cat-padel_y_tenis_textil_camisas","7":"product_tag-head","8":"pa_color-unico","9":"pa_talla-l","10":"pa_talla-m","11":"pa_talla-xl","12":"thunk-woo-product-list","13":"opn-qv-enable","14":"open-woo-hover-","15":"open-single-product-tab-horizontal","16":"open-shadow-","17":"open-shadow-hover-","19":"first","20":"instock","21":"shipping-taxable","22":"purchasable","23":"product-type-variable"},"jetpack_sharing_enabled":true,"_links":{"self":[{"href":"https:\/\/www.deporteseli.com\/index.php?rest_route=\/wp\/v2\/product\/44281","targetHints":{"allow":["GET"]}}],"collection":[{"href":"https:\/\/www.deporteseli.com\/index.php?rest_route=\/wp\/v2\/product"}],"about":[{"href":"https:\/\/www.deporteseli.com\/index.php?rest_route=\/wp\/v2\/types\/product"}],"wp:featuredmedia":[{"embeddable":true,"href":"https:\/\/www.deporteseli.com\/index.php?rest_route=\/wp\/v2\/media\/57469"}],"wp:attachment":[{"href":"https:\/\/www.deporteseli.com\/index.php?rest_route=%2Fwp%2Fv2%2Fmedia&parent=44281"}],"wp:term":[{"taxonomy":"product_brand","embeddable":true,"href":"https:\/\/www.deporteseli.com\/index.php?rest_route=%2Fwp%2Fv2%2Fproduct_brand&post=44281"},{"taxonomy":"product_cat","embeddable":true,"href":"https:\/\/www.deporteseli.com\/index.php?rest_route=%2Fwp%2Fv2%2Fproduct_cat&post=44281"},{"taxonomy":"product_tag","embeddable":true,"href":"https:\/\/www.deporteseli.com\/index.php?rest_route=%2Fwp%2Fv2%2Fproduct_tag&post=44281"}],"curies":[{"name":"wp","href":"https:\/\/api.w.org\/{rel}","templated":true}]}}