{"id":44273,"date":"2026-01-27T20:24:31","date_gmt":"2026-01-27T20:24:31","guid":{"rendered":"https:\/\/www.deporteseli.com\/?product=short-under-1383356"},"modified":"2026-03-07T06:13:46","modified_gmt":"2026-03-07T06:13:46","slug":"short-under-1383356","status":"publish","type":"product","link":"https:\/\/www.deporteseli.com\/?product=short-under-1383356","title":{"rendered":"SHORT UNDER 1383356"},"content":{"rendered":"<p>La tela tejida liviana brinda comodidad y durabilidad superiores.  El material absorbe el sudor y se seca muy r\u00e1pido.  Cintura el\u00e1stica revestida con cord\u00f3n interior  Bolsillos de mano abiertos  Dobladillo con abertura lateral  La tela del cuerpo principal contiene al menos un 90 % de poli\u00e9ster reciclado, excluyendo adornos y ribetes.  Suelto : Corte m\u00e1s completo para una comodidad total.  Estilo  : 1383356  Entrepierna: 8,25&#8242;  Sin revestimiento  Bolsillos: Si  100% poli\u00e9ster  Importado                                                                                                                                                                                                                                                                                                                                                                                                                                                                                                                                                                                                                                                                                                                                                                                                                                                                                                                                                                                                                                        <\/p>\n","protected":false},"excerpt":{"rendered":"<p>SHORT UNDER 1383356<\/p>\n","protected":false},"featured_media":57462,"template":"","meta":[],"product_brand":[],"product_cat":[251],"product_tag":[81],"class_list":{"0":"post-44273","1":"product","2":"type-product","3":"status-publish","4":"has-post-thumbnail","6":"product_cat-hombre_textil_shorts","7":"product_tag-under_armour","8":"pa_color-antracita","9":"pa_color-unico","10":"pa_talla-l","11":"pa_talla-xl","12":"thunk-woo-product-list","13":"opn-qv-enable","14":"open-woo-hover-","15":"open-single-product-tab-horizontal","16":"open-shadow-","17":"open-shadow-hover-","19":"first","20":"instock","21":"shipping-taxable","22":"purchasable","23":"product-type-variable"},"jetpack_sharing_enabled":true,"_links":{"self":[{"href":"https:\/\/www.deporteseli.com\/index.php?rest_route=\/wp\/v2\/product\/44273","targetHints":{"allow":["GET"]}}],"collection":[{"href":"https:\/\/www.deporteseli.com\/index.php?rest_route=\/wp\/v2\/product"}],"about":[{"href":"https:\/\/www.deporteseli.com\/index.php?rest_route=\/wp\/v2\/types\/product"}],"wp:featuredmedia":[{"embeddable":true,"href":"https:\/\/www.deporteseli.com\/index.php?rest_route=\/wp\/v2\/media\/57462"}],"wp:attachment":[{"href":"https:\/\/www.deporteseli.com\/index.php?rest_route=%2Fwp%2Fv2%2Fmedia&parent=44273"}],"wp:term":[{"taxonomy":"product_brand","embeddable":true,"href":"https:\/\/www.deporteseli.com\/index.php?rest_route=%2Fwp%2Fv2%2Fproduct_brand&post=44273"},{"taxonomy":"product_cat","embeddable":true,"href":"https:\/\/www.deporteseli.com\/index.php?rest_route=%2Fwp%2Fv2%2Fproduct_cat&post=44273"},{"taxonomy":"product_tag","embeddable":true,"href":"https:\/\/www.deporteseli.com\/index.php?rest_route=%2Fwp%2Fv2%2Fproduct_tag&post=44273"}],"curies":[{"name":"wp","href":"https:\/\/api.w.org\/{rel}","templated":true}]}}