{"id":44260,"date":"2026-01-27T20:24:13","date_gmt":"2026-01-27T20:24:13","guid":{"rendered":"https:\/\/www.deporteseli.com\/?product=calcetin-hummel-223671"},"modified":"2026-01-27T20:24:16","modified_gmt":"2026-01-27T20:24:16","slug":"calcetin-hummel-223671","status":"publish","type":"product","link":"https:\/\/www.deporteseli.com\/?product=calcetin-hummel-223671","title":{"rendered":"CALCETIN HUMMEL 223671"},"content":{"rendered":"<p>Los calcetines Hummel Chevron Mid (3 pares) son perfectos para complementar tu look. Terminados con tobillos acanalados y un efecto acanalado en la parte media del pie para reducir el deslizamiento y adaptarse perfectamente. Estos calcetines hummel no llegan hasta el tobillo para no interferir con tus pantalones o mallas. Tambi\u00e9n est\u00e1n decorados con los ic\u00f3nicos chevrones y la talla tejidos en su dise\u00f1o.    Caracter\u00edsticas:    Puntera y tal\u00f3n con dise\u00f1o de chevrones y talla  Parte superior y media del pie acanalados  Corte regular  Composici\u00f3n: 80% algod\u00f3n, 17% poli\u00e9ster, 3% elastano                                                                                                                                                                                                                                                                                                                                                                                                                                                                                                                                                                                                                                                                                                                                                                                                                                                                                                                                                                                                                                        <\/p>\n","protected":false},"excerpt":{"rendered":"<p>CALCETIN HUMMEL 223671<\/p>\n","protected":false},"featured_media":57457,"template":"","meta":[],"product_brand":[],"product_cat":[400],"product_tag":[55],"class_list":{"0":"post-44260","1":"product","2":"type-product","3":"status-publish","4":"has-post-thumbnail","6":"product_cat-accesorios_calcetines","7":"product_tag-hummel","8":"pa_color-unico","9":"pa_talla-t-10","10":"pa_talla-t-12","11":"thunk-woo-product-list","12":"opn-qv-enable","13":"open-woo-hover-","14":"open-single-product-tab-horizontal","15":"open-shadow-","16":"open-shadow-hover-","18":"first","19":"instock","20":"shipping-taxable","21":"purchasable","22":"product-type-variable"},"jetpack_sharing_enabled":true,"_links":{"self":[{"href":"https:\/\/www.deporteseli.com\/index.php?rest_route=\/wp\/v2\/product\/44260","targetHints":{"allow":["GET"]}}],"collection":[{"href":"https:\/\/www.deporteseli.com\/index.php?rest_route=\/wp\/v2\/product"}],"about":[{"href":"https:\/\/www.deporteseli.com\/index.php?rest_route=\/wp\/v2\/types\/product"}],"wp:featuredmedia":[{"embeddable":true,"href":"https:\/\/www.deporteseli.com\/index.php?rest_route=\/wp\/v2\/media\/57457"}],"wp:attachment":[{"href":"https:\/\/www.deporteseli.com\/index.php?rest_route=%2Fwp%2Fv2%2Fmedia&parent=44260"}],"wp:term":[{"taxonomy":"product_brand","embeddable":true,"href":"https:\/\/www.deporteseli.com\/index.php?rest_route=%2Fwp%2Fv2%2Fproduct_brand&post=44260"},{"taxonomy":"product_cat","embeddable":true,"href":"https:\/\/www.deporteseli.com\/index.php?rest_route=%2Fwp%2Fv2%2Fproduct_cat&post=44260"},{"taxonomy":"product_tag","embeddable":true,"href":"https:\/\/www.deporteseli.com\/index.php?rest_route=%2Fwp%2Fv2%2Fproduct_tag&post=44260"}],"curies":[{"name":"wp","href":"https:\/\/api.w.org\/{rel}","templated":true}]}}