{"id":44256,"date":"2026-01-27T20:24:08","date_gmt":"2026-01-27T20:24:08","guid":{"rendered":"https:\/\/www.deporteseli.com\/?product=camisa-8000-valeska"},"modified":"2026-03-07T06:13:37","modified_gmt":"2026-03-07T06:13:37","slug":"camisa-8000-valeska","status":"publish","type":"product","link":"https:\/\/www.deporteseli.com\/?product=camisa-8000-valeska","title":{"rendered":"CAMISA  8000 VALESKA"},"content":{"rendered":"<p>Camiseta tirante de tejido de microfilamentos de poli\u00e9ster con elasthan.  Los microfilamentos ayudan a que la humedad producida por la transpiraci\u00f3n se aloje en los huecos que se generan entre ellos por capilaridad y de esta forma su evaporaci\u00f3n es mas r\u00e1pida.  La incorporaci\u00f3n de fibras de elasthan ayuda a favorecer la libertad de movimientos.  Las prendas realizadas con estos materiales favorecen un alto rendimiento en la realizaci\u00f3n de las m\u00e1s exigentes actividades deportivas.                                                                                                                                                                                                                                                                                                                                                                                                                                                                                                                                                                                                                                                                                                                                                                                                                                                                                                                                                                                                                                        <\/p>\n","protected":false},"excerpt":{"rendered":"<p>CAMISA  8000 VALESKA<\/p>\n","protected":false},"featured_media":57455,"template":"","meta":[],"product_brand":[],"product_cat":[269],"product_tag":[53],"class_list":{"0":"post-44256","1":"product","2":"type-product","3":"status-publish","4":"has-post-thumbnail","6":"product_cat-mujer_textil_camisetas","7":"product_tag-_8000","8":"pa_color-unico","9":"pa_talla-m","10":"pa_talla-s","11":"pa_talla-xs","12":"thunk-woo-product-list","13":"opn-qv-enable","14":"open-woo-hover-","15":"open-single-product-tab-horizontal","16":"open-shadow-","17":"open-shadow-hover-","19":"first","20":"instock","21":"shipping-taxable","22":"purchasable","23":"product-type-variable"},"jetpack_sharing_enabled":true,"_links":{"self":[{"href":"https:\/\/www.deporteseli.com\/index.php?rest_route=\/wp\/v2\/product\/44256","targetHints":{"allow":["GET"]}}],"collection":[{"href":"https:\/\/www.deporteseli.com\/index.php?rest_route=\/wp\/v2\/product"}],"about":[{"href":"https:\/\/www.deporteseli.com\/index.php?rest_route=\/wp\/v2\/types\/product"}],"wp:featuredmedia":[{"embeddable":true,"href":"https:\/\/www.deporteseli.com\/index.php?rest_route=\/wp\/v2\/media\/57455"}],"wp:attachment":[{"href":"https:\/\/www.deporteseli.com\/index.php?rest_route=%2Fwp%2Fv2%2Fmedia&parent=44256"}],"wp:term":[{"taxonomy":"product_brand","embeddable":true,"href":"https:\/\/www.deporteseli.com\/index.php?rest_route=%2Fwp%2Fv2%2Fproduct_brand&post=44256"},{"taxonomy":"product_cat","embeddable":true,"href":"https:\/\/www.deporteseli.com\/index.php?rest_route=%2Fwp%2Fv2%2Fproduct_cat&post=44256"},{"taxonomy":"product_tag","embeddable":true,"href":"https:\/\/www.deporteseli.com\/index.php?rest_route=%2Fwp%2Fv2%2Fproduct_tag&post=44256"}],"curies":[{"name":"wp","href":"https:\/\/api.w.org\/{rel}","templated":true}]}}