{"id":44253,"date":"2026-01-27T20:24:04","date_gmt":"2026-01-27T20:24:04","guid":{"rendered":"https:\/\/www.deporteseli.com\/?product=camisa-8000-pipe"},"modified":"2026-03-07T06:13:33","modified_gmt":"2026-03-07T06:13:33","slug":"camisa-8000-pipe","status":"publish","type":"product","link":"https:\/\/www.deporteseli.com\/?product=camisa-8000-pipe","title":{"rendered":"CAMISA  8000 PIPE"},"content":{"rendered":"<p>Descripci\u00f3n  La camiseta de monta\u00f1a Pipe para hombre es la opci\u00f3n ideal para amantes de la aventura y el estilo. Su dise\u00f1o incluye un cuello redondo y un ajuste regular que favorece la comodidad en cualquier actividad al aire libre.  Gracias a su tejido suave, esta camiseta se siente genial en la piel, permitiendo libertad de movimiento. Adem\u00e1s, el logo de la marca a\u00f1ade un toque de originalidad y distinci\u00f3n.   Perfecta para senderismo, escaladas o simplemente para lucir en el d\u00eda a d\u00eda.    Caracter\u00edsticas  Camiseta de Monta\u00f1a   8000 Pipe  Cuello redondo  Ajuste regular  Comodidad y estilo  Tejido suave  Logo de la marca                                                                                                                                                                                                                                                                                                                                                                                                                                                                                                                                                                                                                                                                                                                                                                                                                                                                                                                                                                                                                                        <\/p>\n","protected":false},"excerpt":{"rendered":"<p>CAMISA  8000 PIPE<\/p>\n","protected":false},"featured_media":57454,"template":"","meta":[],"product_brand":[],"product_cat":[245],"product_tag":[53],"class_list":{"0":"post-44253","1":"product","2":"type-product","3":"status-publish","4":"has-post-thumbnail","6":"product_cat-hombre_textil_camisetas","7":"product_tag-_8000","8":"pa_color-unico","9":"pa_talla-l","10":"pa_talla-m","11":"thunk-woo-product-list","12":"opn-qv-enable","13":"open-woo-hover-","14":"open-single-product-tab-horizontal","15":"open-shadow-","16":"open-shadow-hover-","18":"first","19":"instock","20":"shipping-taxable","21":"purchasable","22":"product-type-variable"},"jetpack_sharing_enabled":true,"_links":{"self":[{"href":"https:\/\/www.deporteseli.com\/index.php?rest_route=\/wp\/v2\/product\/44253","targetHints":{"allow":["GET"]}}],"collection":[{"href":"https:\/\/www.deporteseli.com\/index.php?rest_route=\/wp\/v2\/product"}],"about":[{"href":"https:\/\/www.deporteseli.com\/index.php?rest_route=\/wp\/v2\/types\/product"}],"wp:featuredmedia":[{"embeddable":true,"href":"https:\/\/www.deporteseli.com\/index.php?rest_route=\/wp\/v2\/media\/57454"}],"wp:attachment":[{"href":"https:\/\/www.deporteseli.com\/index.php?rest_route=%2Fwp%2Fv2%2Fmedia&parent=44253"}],"wp:term":[{"taxonomy":"product_brand","embeddable":true,"href":"https:\/\/www.deporteseli.com\/index.php?rest_route=%2Fwp%2Fv2%2Fproduct_brand&post=44253"},{"taxonomy":"product_cat","embeddable":true,"href":"https:\/\/www.deporteseli.com\/index.php?rest_route=%2Fwp%2Fv2%2Fproduct_cat&post=44253"},{"taxonomy":"product_tag","embeddable":true,"href":"https:\/\/www.deporteseli.com\/index.php?rest_route=%2Fwp%2Fv2%2Fproduct_tag&post=44253"}],"curies":[{"name":"wp","href":"https:\/\/api.w.org\/{rel}","templated":true}]}}