{"id":44248,"date":"2026-01-27T20:23:58","date_gmt":"2026-01-27T20:23:58","guid":{"rendered":"https:\/\/www.deporteseli.com\/?product=ciclista-8000-verteros"},"modified":"2026-03-07T06:13:30","modified_gmt":"2026-03-07T06:13:30","slug":"ciclista-8000-verteros","status":"publish","type":"product","link":"https:\/\/www.deporteseli.com\/?product=ciclista-8000-verteros","title":{"rendered":"CICLISTA  8000 VERTEROS"},"content":{"rendered":"<p>Descripci\u00f3n  Descubre las mallas de monta\u00f1a 8000 Vertros en color negro para mujer, dise\u00f1adas para brindarte comodidad y estilo en tus aventuras al aire libre.  Estas mallas largas cuentan con una cintura el\u00e1stica que se adapta perfectamente a tu figura, asegurando un ajuste regular que te permite moverte con libertad.  El tejido suave proporciona una sensaci\u00f3n agradable durante actividades como senderismo y trekking, permiti\u00e9ndote disfrutar de cada momento sin incomodidades.  Adem\u00e1s, el logo de la marca a\u00f1ade un toque moderno y distintivo a tu outfit.  No pierdas la oportunidad de equiparte con estas mallas que combinan funcionalidad y moda.  Perfectas para explorar la naturaleza.    Caracter\u00edsticas  Mallas largas  Cintura el\u00e1stica  Tejido suave  Ajuste regular  Comodidad y estilo  Son perfectas para actividades como senderismo y trekking  Logo de la marca  Color del producto: Negro                                                                                                                                                                                                                                                                                                                                                                                                                                                                                                                                                                                                                                                                                                                                                                                                                                                                                                                                                                                                                                        <\/p>\n","protected":false},"excerpt":{"rendered":"<p>CICLISTA  8000 VERTEROS<\/p>\n","protected":false},"featured_media":57453,"template":"","meta":[],"product_brand":[],"product_cat":[277],"product_tag":[53],"class_list":{"0":"post-44248","1":"product","2":"type-product","3":"status-publish","4":"has-post-thumbnail","6":"product_cat-mujer_textil_shorts","7":"product_tag-_8000","8":"pa_color-unico","9":"pa_talla-m","10":"pa_talla-s","11":"pa_talla-xl","12":"pa_talla-xs","13":"thunk-woo-product-list","14":"opn-qv-enable","15":"open-woo-hover-","16":"open-single-product-tab-horizontal","17":"open-shadow-","18":"open-shadow-hover-","20":"first","21":"instock","22":"shipping-taxable","23":"purchasable","24":"product-type-variable"},"jetpack_sharing_enabled":true,"_links":{"self":[{"href":"https:\/\/www.deporteseli.com\/index.php?rest_route=\/wp\/v2\/product\/44248","targetHints":{"allow":["GET"]}}],"collection":[{"href":"https:\/\/www.deporteseli.com\/index.php?rest_route=\/wp\/v2\/product"}],"about":[{"href":"https:\/\/www.deporteseli.com\/index.php?rest_route=\/wp\/v2\/types\/product"}],"wp:featuredmedia":[{"embeddable":true,"href":"https:\/\/www.deporteseli.com\/index.php?rest_route=\/wp\/v2\/media\/57453"}],"wp:attachment":[{"href":"https:\/\/www.deporteseli.com\/index.php?rest_route=%2Fwp%2Fv2%2Fmedia&parent=44248"}],"wp:term":[{"taxonomy":"product_brand","embeddable":true,"href":"https:\/\/www.deporteseli.com\/index.php?rest_route=%2Fwp%2Fv2%2Fproduct_brand&post=44248"},{"taxonomy":"product_cat","embeddable":true,"href":"https:\/\/www.deporteseli.com\/index.php?rest_route=%2Fwp%2Fv2%2Fproduct_cat&post=44248"},{"taxonomy":"product_tag","embeddable":true,"href":"https:\/\/www.deporteseli.com\/index.php?rest_route=%2Fwp%2Fv2%2Fproduct_tag&post=44248"}],"curies":[{"name":"wp","href":"https:\/\/api.w.org\/{rel}","templated":true}]}}