{"id":44244,"date":"2026-01-27T20:23:53","date_gmt":"2026-01-27T20:23:53","guid":{"rendered":"https:\/\/www.deporteseli.com\/?product=short-montana-8000-delfino"},"modified":"2026-03-07T06:13:25","modified_gmt":"2026-03-07T06:13:25","slug":"short-montana-8000-delfino","status":"publish","type":"product","link":"https:\/\/www.deporteseli.com\/?product=short-montana-8000-delfino","title":{"rendered":"SHORT MONTA\u00f1A  8000 DELFINO"},"content":{"rendered":"<p>Descripci\u00f3n  El pantal\u00f3n de monta\u00f1a Delfino Negro para hombre es la opci\u00f3n ideal para aventureros. Confeccionado con tejido Shellflex, este pantal\u00f3n bi-el\u00e1stico proporciona una flexibilidad excepcional, adapt\u00e1ndose perfectamente al cuerpo. Su resistencia al agua y al viento lo convierte en un aliado perfecto para actividades al aire libre, sin importar el clima.  Su dise\u00f1o incluye un cintur\u00f3n ajustable que permite personalizar el ajuste, asegurando comodidad en todo momento. Los bolsillos con cremallera son una caracter\u00edstica destacable, ya que los superiores son compatibles con arneses, y los laterales cuentan con un cierre seguro para proteger tus pertenencias.  El corte entallado o slim fit del pantal\u00f3n proporciona una mejor movilidad, facilitando la realizaci\u00f3n de cualquier actividad al aire libre. Adem\u00e1s, el logo de la marca acent\u00faa su dise\u00f1o moderno.  El color negro del pantal\u00f3n combina con cualquier atuendo, ofreciendo versatilidad y estilo en cada aventura al aire libre. No te pierdas la oportunidad de mejorar tu indumentaria con este pantal\u00f3n esencial para quienes aman explorar la naturaleza.    Caracter\u00edsticas  Pantal\u00f3n de Monta\u00f1a   8000 Delfino  Tejido Shellflex: Tejido biel\u00e1stico que ofrece gran flexibilidad y adaptabilidad al cuerpo.  Resistencia al agua y al viento: Ideal para actividades al aire libre.  Cintur\u00f3n ajustable: Incluye un cintur\u00f3n para un ajuste personalizado.  Bolsillos con cremallera: Bolsillos superiores compatibles con arneses y bolsillos laterales con cierre seguro.  Corte entallado: Dise\u00f1o slim fit para una mejor movilidadResistente  Logo de la marca  Color del producto: Negro                                                                                                                                                                                                                                                                                                                                                                                                                                                                                                                                                                                                                                                                                                                                                                                                                                                                                                                                                                                                                                        <\/p>\n","protected":false},"excerpt":{"rendered":"<p>SHORT MONTA\u00f1A  8000 DELFINO<\/p>\n","protected":false},"featured_media":57451,"template":"","meta":[],"product_brand":[],"product_cat":[251],"product_tag":[53],"class_list":{"0":"post-44244","1":"product","2":"type-product","3":"status-publish","4":"has-post-thumbnail","6":"product_cat-hombre_textil_shorts","7":"product_tag-_8000","8":"pa_color-unico","9":"pa_talla-m","10":"pa_talla-s","11":"pa_talla-xl","12":"thunk-woo-product-list","13":"opn-qv-enable","14":"open-woo-hover-","15":"open-single-product-tab-horizontal","16":"open-shadow-","17":"open-shadow-hover-","19":"first","20":"instock","21":"shipping-taxable","22":"purchasable","23":"product-type-variable"},"jetpack_sharing_enabled":true,"_links":{"self":[{"href":"https:\/\/www.deporteseli.com\/index.php?rest_route=\/wp\/v2\/product\/44244","targetHints":{"allow":["GET"]}}],"collection":[{"href":"https:\/\/www.deporteseli.com\/index.php?rest_route=\/wp\/v2\/product"}],"about":[{"href":"https:\/\/www.deporteseli.com\/index.php?rest_route=\/wp\/v2\/types\/product"}],"wp:featuredmedia":[{"embeddable":true,"href":"https:\/\/www.deporteseli.com\/index.php?rest_route=\/wp\/v2\/media\/57451"}],"wp:attachment":[{"href":"https:\/\/www.deporteseli.com\/index.php?rest_route=%2Fwp%2Fv2%2Fmedia&parent=44244"}],"wp:term":[{"taxonomy":"product_brand","embeddable":true,"href":"https:\/\/www.deporteseli.com\/index.php?rest_route=%2Fwp%2Fv2%2Fproduct_brand&post=44244"},{"taxonomy":"product_cat","embeddable":true,"href":"https:\/\/www.deporteseli.com\/index.php?rest_route=%2Fwp%2Fv2%2Fproduct_cat&post=44244"},{"taxonomy":"product_tag","embeddable":true,"href":"https:\/\/www.deporteseli.com\/index.php?rest_route=%2Fwp%2Fv2%2Fproduct_tag&post=44244"}],"curies":[{"name":"wp","href":"https:\/\/api.w.org\/{rel}","templated":true}]}}