{"id":44217,"date":"2026-01-27T20:23:17","date_gmt":"2026-01-27T20:23:17","guid":{"rendered":"https:\/\/www.deporteseli.com\/?product=set-j-smith-beni-2"},"modified":"2026-03-07T06:13:06","modified_gmt":"2026-03-07T06:13:06","slug":"set-j-smith-beni-2","status":"publish","type":"product","link":"https:\/\/www.deporteseli.com\/?product=set-j-smith-beni-2","title":{"rendered":"SET J.SMITH BENI"},"content":{"rendered":"<p>DESCRIPCI\u00d3N  Conjunto infantil formado por:    Camiseta de manga corta y cuello redondo en fancy mesh interlock de poli\u00e9ster.    Gr\u00e1fico en el delantero. Espalda lisa.    Bermuda en el mismo tejido.    Bolsillos laterales, cintura el\u00e1stica con cord\u00f3n interior.    Composici\u00f3n: 100% poli\u00e9ster, fancy mesh interlock.    Acabado Quickerdry, que favorece la evacuaci\u00f3n del sudor.                                                                                                                                                                                                                                                                                                                                                                                                                                                                                                                                                                                                                                                                                                                                                                                                                                                                                                                                                                                                                                        <\/p>\n","protected":false},"excerpt":{"rendered":"<p>SET J.SMITH BENI<\/p>\n","protected":false},"featured_media":57425,"template":"","meta":[],"product_brand":[],"product_cat":[367],"product_tag":[43],"class_list":{"0":"post-44217","1":"product","2":"type-product","3":"status-publish","4":"has-post-thumbnail","6":"product_cat-padel_y_tenis_textil_conjuntos","7":"product_tag-jhon_smith","8":"pa_color-unico","9":"pa_talla-t-12","10":"pa_talla-t-14","11":"pa_talla-t-6","12":"pa_talla-t-8","13":"thunk-woo-product-list","14":"opn-qv-enable","15":"open-woo-hover-","16":"open-single-product-tab-horizontal","17":"open-shadow-","18":"open-shadow-hover-","20":"first","21":"instock","22":"shipping-taxable","23":"purchasable","24":"product-type-variable"},"jetpack_sharing_enabled":true,"_links":{"self":[{"href":"https:\/\/www.deporteseli.com\/index.php?rest_route=\/wp\/v2\/product\/44217","targetHints":{"allow":["GET"]}}],"collection":[{"href":"https:\/\/www.deporteseli.com\/index.php?rest_route=\/wp\/v2\/product"}],"about":[{"href":"https:\/\/www.deporteseli.com\/index.php?rest_route=\/wp\/v2\/types\/product"}],"wp:featuredmedia":[{"embeddable":true,"href":"https:\/\/www.deporteseli.com\/index.php?rest_route=\/wp\/v2\/media\/57425"}],"wp:attachment":[{"href":"https:\/\/www.deporteseli.com\/index.php?rest_route=%2Fwp%2Fv2%2Fmedia&parent=44217"}],"wp:term":[{"taxonomy":"product_brand","embeddable":true,"href":"https:\/\/www.deporteseli.com\/index.php?rest_route=%2Fwp%2Fv2%2Fproduct_brand&post=44217"},{"taxonomy":"product_cat","embeddable":true,"href":"https:\/\/www.deporteseli.com\/index.php?rest_route=%2Fwp%2Fv2%2Fproduct_cat&post=44217"},{"taxonomy":"product_tag","embeddable":true,"href":"https:\/\/www.deporteseli.com\/index.php?rest_route=%2Fwp%2Fv2%2Fproduct_tag&post=44217"}],"curies":[{"name":"wp","href":"https:\/\/api.w.org\/{rel}","templated":true}]}}