{"id":44209,"date":"2026-01-27T20:23:06","date_gmt":"2026-01-27T20:23:06","guid":{"rendered":"https:\/\/www.deporteseli.com\/?product=camisa-j-smith-salado"},"modified":"2026-03-07T06:12:55","modified_gmt":"2026-03-07T06:12:55","slug":"camisa-j-smith-salado","status":"publish","type":"product","link":"https:\/\/www.deporteseli.com\/?product=camisa-j-smith-salado","title":{"rendered":"CAMISA J.SMITH SALADO"},"content":{"rendered":"<p>DESCRIPCI\u00d3N  Camiseta de tirantes con cuello de pico.    Inserciones en tejido de rejilla con elast\u00e1n para mayor transpirabilidad.    Gr\u00e1ficos reflectantes decorativos.    Tejido de poli\u00e9ster con elast\u00e1n.    Composici\u00f3n: 95% poli\u00e9ster-5% elast\u00e1n, melange single jersey.    Acabado Drynamic, que favorece la elasticidad, adaptabilidad y confort.                                                                                                                                                                                                                                                                                                                                                                                                                                                                                                                                                                                                                                                                                                                                                                                                                                                                                                                                                                                                                                        <\/p>\n","protected":false},"excerpt":{"rendered":"<p>CAMISA J.SMITH SALADO<\/p>\n","protected":false},"featured_media":57416,"template":"","meta":[],"product_brand":[],"product_cat":[269],"product_tag":[43],"class_list":{"0":"post-44209","1":"product","2":"type-product","3":"status-publish","4":"has-post-thumbnail","6":"product_cat-mujer_textil_camisetas","7":"product_tag-jhon_smith","8":"pa_color-unico","9":"pa_talla-m","10":"thunk-woo-product-list","11":"opn-qv-enable","12":"open-woo-hover-","13":"open-single-product-tab-horizontal","14":"open-shadow-","15":"open-shadow-hover-","17":"first","18":"instock","19":"shipping-taxable","20":"purchasable","21":"product-type-variable"},"jetpack_sharing_enabled":true,"_links":{"self":[{"href":"https:\/\/www.deporteseli.com\/index.php?rest_route=\/wp\/v2\/product\/44209","targetHints":{"allow":["GET"]}}],"collection":[{"href":"https:\/\/www.deporteseli.com\/index.php?rest_route=\/wp\/v2\/product"}],"about":[{"href":"https:\/\/www.deporteseli.com\/index.php?rest_route=\/wp\/v2\/types\/product"}],"wp:featuredmedia":[{"embeddable":true,"href":"https:\/\/www.deporteseli.com\/index.php?rest_route=\/wp\/v2\/media\/57416"}],"wp:attachment":[{"href":"https:\/\/www.deporteseli.com\/index.php?rest_route=%2Fwp%2Fv2%2Fmedia&parent=44209"}],"wp:term":[{"taxonomy":"product_brand","embeddable":true,"href":"https:\/\/www.deporteseli.com\/index.php?rest_route=%2Fwp%2Fv2%2Fproduct_brand&post=44209"},{"taxonomy":"product_cat","embeddable":true,"href":"https:\/\/www.deporteseli.com\/index.php?rest_route=%2Fwp%2Fv2%2Fproduct_cat&post=44209"},{"taxonomy":"product_tag","embeddable":true,"href":"https:\/\/www.deporteseli.com\/index.php?rest_route=%2Fwp%2Fv2%2Fproduct_tag&post=44209"}],"curies":[{"name":"wp","href":"https:\/\/api.w.org\/{rel}","templated":true}]}}