{"id":44200,"date":"2026-01-27T20:22:54","date_gmt":"2026-01-27T20:22:54","guid":{"rendered":"https:\/\/www.deporteseli.com\/?product=camisa-j-smith-tureis"},"modified":"2026-03-07T06:12:49","modified_gmt":"2026-03-07T06:12:49","slug":"camisa-j-smith-tureis","status":"publish","type":"product","link":"https:\/\/www.deporteseli.com\/?product=camisa-j-smith-tureis","title":{"rendered":"CAMISA J.SMITH TUREIS"},"content":{"rendered":"<p>DESCRIPCI\u00d3N  Camiseta de entrenamiento en rejilla de poli\u00e9ster el\u00e1stico.    Prenda de manga carta con cortes a contraste y decorada con gr\u00e1ficos de la l\u00ednea.    Composici\u00f3n: 93% poli\u00e9ster-7% elast\u00e1n, elastic mesh.    Se le aplica la tecnolog\u00eda Drynamic, utiliza los microfilamentos para reducir la humedad y ayudar a la transpiraci\u00f3n.                                                                                                                                                                                                                                                                                                                                                                                                                                                                                                                                                                                                                                                                                                                                                                                                                                                                                                                                                                                                                                        <\/p>\n","protected":false},"excerpt":{"rendered":"<p>CAMISA J.SMITH TUREIS<\/p>\n","protected":false},"featured_media":57404,"template":"","meta":[],"product_brand":[],"product_cat":[245],"product_tag":[43],"class_list":{"0":"post-44200","1":"product","2":"type-product","3":"status-publish","4":"has-post-thumbnail","6":"product_cat-hombre_textil_camisetas","7":"product_tag-jhon_smith","8":"pa_color-unico","9":"pa_talla-l","10":"pa_talla-m","11":"pa_talla-xl","12":"thunk-woo-product-list","13":"opn-qv-enable","14":"open-woo-hover-","15":"open-single-product-tab-horizontal","16":"open-shadow-","17":"open-shadow-hover-","19":"first","20":"instock","21":"shipping-taxable","22":"purchasable","23":"product-type-variable"},"jetpack_sharing_enabled":true,"_links":{"self":[{"href":"https:\/\/www.deporteseli.com\/index.php?rest_route=\/wp\/v2\/product\/44200","targetHints":{"allow":["GET"]}}],"collection":[{"href":"https:\/\/www.deporteseli.com\/index.php?rest_route=\/wp\/v2\/product"}],"about":[{"href":"https:\/\/www.deporteseli.com\/index.php?rest_route=\/wp\/v2\/types\/product"}],"wp:featuredmedia":[{"embeddable":true,"href":"https:\/\/www.deporteseli.com\/index.php?rest_route=\/wp\/v2\/media\/57404"}],"wp:attachment":[{"href":"https:\/\/www.deporteseli.com\/index.php?rest_route=%2Fwp%2Fv2%2Fmedia&parent=44200"}],"wp:term":[{"taxonomy":"product_brand","embeddable":true,"href":"https:\/\/www.deporteseli.com\/index.php?rest_route=%2Fwp%2Fv2%2Fproduct_brand&post=44200"},{"taxonomy":"product_cat","embeddable":true,"href":"https:\/\/www.deporteseli.com\/index.php?rest_route=%2Fwp%2Fv2%2Fproduct_cat&post=44200"},{"taxonomy":"product_tag","embeddable":true,"href":"https:\/\/www.deporteseli.com\/index.php?rest_route=%2Fwp%2Fv2%2Fproduct_tag&post=44200"}],"curies":[{"name":"wp","href":"https:\/\/api.w.org\/{rel}","templated":true}]}}