{"id":44183,"date":"2026-01-27T20:22:32","date_gmt":"2026-01-27T20:22:32","guid":{"rendered":"https:\/\/www.deporteseli.com\/?product=shirt-bullpadel-montia-kaki"},"modified":"2026-03-07T06:12:33","modified_gmt":"2026-03-07T06:12:33","slug":"shirt-bullpadel-montia-kaki","status":"publish","type":"product","link":"https:\/\/www.deporteseli.com\/?product=shirt-bullpadel-montia-kaki","title":{"rendered":"SHIRT BULLPADEL MONTIA KAKI"},"content":{"rendered":"<p>Camiseta t\u00e9cnica y ligera de mesh de poli\u00e9ster algod\u00f3n, con cortes a contraste en manga y espalda y detalles reflectantes.  Fabricada en tejido ligero en poli\u00e9ster con algod\u00f3n, prenda c\u00f3moda y funcional. Se le aplica el acabado Quickerdry, tecnolog\u00eda que utiliza microfilamentos para reducir la humedad y ayudar a la transpiraci\u00f3n.    65% POLIESTER-35% ALGOD\u00d3N, MESH                                                                                                                                                                                                                                                                                                                                                                                                                                                                                                                                                                                                                                                                                                                                                                                                                                                                                                                                                                                                                                        <\/p>\n","protected":false},"excerpt":{"rendered":"<p>SHIRT BULLPADEL MONTIA KAKI<\/p>\n","protected":false},"featured_media":57388,"template":"","meta":[],"product_brand":[],"product_cat":[364],"product_tag":[21],"class_list":{"0":"post-44183","1":"product","2":"type-product","3":"status-publish","4":"has-post-thumbnail","6":"product_cat-padel_y_tenis_textil_camisas","7":"product_tag-bull_padel","8":"pa_color-unico","9":"pa_talla-l","10":"pa_talla-s","11":"pa_talla-xxl","12":"thunk-woo-product-list","13":"opn-qv-enable","14":"open-woo-hover-","15":"open-single-product-tab-horizontal","16":"open-shadow-","17":"open-shadow-hover-","19":"first","20":"instock","21":"shipping-taxable","22":"purchasable","23":"product-type-variable"},"jetpack_sharing_enabled":true,"_links":{"self":[{"href":"https:\/\/www.deporteseli.com\/index.php?rest_route=\/wp\/v2\/product\/44183","targetHints":{"allow":["GET"]}}],"collection":[{"href":"https:\/\/www.deporteseli.com\/index.php?rest_route=\/wp\/v2\/product"}],"about":[{"href":"https:\/\/www.deporteseli.com\/index.php?rest_route=\/wp\/v2\/types\/product"}],"wp:featuredmedia":[{"embeddable":true,"href":"https:\/\/www.deporteseli.com\/index.php?rest_route=\/wp\/v2\/media\/57388"}],"wp:attachment":[{"href":"https:\/\/www.deporteseli.com\/index.php?rest_route=%2Fwp%2Fv2%2Fmedia&parent=44183"}],"wp:term":[{"taxonomy":"product_brand","embeddable":true,"href":"https:\/\/www.deporteseli.com\/index.php?rest_route=%2Fwp%2Fv2%2Fproduct_brand&post=44183"},{"taxonomy":"product_cat","embeddable":true,"href":"https:\/\/www.deporteseli.com\/index.php?rest_route=%2Fwp%2Fv2%2Fproduct_cat&post=44183"},{"taxonomy":"product_tag","embeddable":true,"href":"https:\/\/www.deporteseli.com\/index.php?rest_route=%2Fwp%2Fv2%2Fproduct_tag&post=44183"}],"curies":[{"name":"wp","href":"https:\/\/api.w.org\/{rel}","templated":true}]}}