{"id":44172,"date":"2026-01-27T20:22:16","date_gmt":"2026-01-27T20:22:16","guid":{"rendered":"https:\/\/www.deporteseli.com\/?product=short-bullpadel-meis"},"modified":"2026-03-07T06:12:18","modified_gmt":"2026-03-07T06:12:18","slug":"short-bullpadel-meis","status":"publish","type":"product","link":"https:\/\/www.deporteseli.com\/?product=short-bullpadel-meis","title":{"rendered":"SHORT BULLPADEL MEIS"},"content":{"rendered":"<p>Bermuda en punto liso de la l\u00ednea Master y Court. Con un dise\u00f1o colorido que representa ambas colecciones, cuenta con bolsillos laterales e interior y servicio para llaves. Est\u00e1 fabricada con tejido t\u00e9cnico y ligero de poli\u00e9ster el\u00e1stico, dotando a la prenda de un mayor confort y funcionalidad. Adem\u00e1s, incorpora la tecnolog\u00eda Drynamic, que utiliza micro-filamentos para reducir la humedad y favorecer la transpiraci\u00f3n.                                                                                                                                                                                                                                                                                                                                                                                                                                                                                                                                                                                                                                                                                                                                                                                                                                                                                                                                                                                                                                        <\/p>\n","protected":false},"excerpt":{"rendered":"<p>SHORT BULLPADEL MEIS<\/p>\n","protected":false},"featured_media":57374,"template":"","meta":[],"product_brand":[],"product_cat":[365],"product_tag":[21],"class_list":{"0":"post-44172","1":"product","2":"type-product","3":"status-publish","4":"has-post-thumbnail","6":"product_cat-padel_y_tenis_textil_shorts","7":"product_tag-bull_padel","8":"pa_color-unico","9":"pa_talla-m","10":"thunk-woo-product-list","11":"opn-qv-enable","12":"open-woo-hover-","13":"open-single-product-tab-horizontal","14":"open-shadow-","15":"open-shadow-hover-","17":"first","18":"instock","19":"shipping-taxable","20":"purchasable","21":"product-type-variable"},"jetpack_sharing_enabled":true,"_links":{"self":[{"href":"https:\/\/www.deporteseli.com\/index.php?rest_route=\/wp\/v2\/product\/44172","targetHints":{"allow":["GET"]}}],"collection":[{"href":"https:\/\/www.deporteseli.com\/index.php?rest_route=\/wp\/v2\/product"}],"about":[{"href":"https:\/\/www.deporteseli.com\/index.php?rest_route=\/wp\/v2\/types\/product"}],"wp:featuredmedia":[{"embeddable":true,"href":"https:\/\/www.deporteseli.com\/index.php?rest_route=\/wp\/v2\/media\/57374"}],"wp:attachment":[{"href":"https:\/\/www.deporteseli.com\/index.php?rest_route=%2Fwp%2Fv2%2Fmedia&parent=44172"}],"wp:term":[{"taxonomy":"product_brand","embeddable":true,"href":"https:\/\/www.deporteseli.com\/index.php?rest_route=%2Fwp%2Fv2%2Fproduct_brand&post=44172"},{"taxonomy":"product_cat","embeddable":true,"href":"https:\/\/www.deporteseli.com\/index.php?rest_route=%2Fwp%2Fv2%2Fproduct_cat&post=44172"},{"taxonomy":"product_tag","embeddable":true,"href":"https:\/\/www.deporteseli.com\/index.php?rest_route=%2Fwp%2Fv2%2Fproduct_tag&post=44172"}],"curies":[{"name":"wp","href":"https:\/\/api.w.org\/{rel}","templated":true}]}}