{"id":44104,"date":"2026-01-27T20:20:34","date_gmt":"2026-01-27T20:20:34","guid":{"rendered":"https:\/\/www.deporteseli.com\/?product=camisa-champion-220772"},"modified":"2026-03-07T06:11:59","modified_gmt":"2026-03-07T06:11:59","slug":"camisa-champion-220772","status":"publish","type":"product","link":"https:\/\/www.deporteseli.com\/?product=camisa-champion-220772","title":{"rendered":"CAMISA CHAMPION 220772"},"content":{"rendered":"<p>Descripci\u00f3n  Descubre la Camisa Champion SS Hombre Blanco, la elecci\u00f3n perfecta para quienes buscan confort y estilo.    Esta camiseta de manga corta cuenta con un cuello redondo que ofrece un ajuste c\u00f3modo para el uso diario. Su corte cl\u00e1sico asegura que se adapte a diferentes tipos de cuerpo, lo que la convierte en una prenda vers\u00e1til para tu guardarropa.    Fabricada en 100% algod\u00f3n, es suave al tacto y transpirable, lo que la hace ideal para cualquier actividad, desde salir con amigos hasta practicar deportes.    No dejes pasar la oportunidad de lucir y sentir genial con esta camiseta de Champion, una marca reconocida por su calidad y durabilidad.  Hazla parte de tu colecci\u00f3n hoy mismo!    Caracter\u00edsticas  Camiseta  Manga corta  Cuello redondo  Corte cl\u00e1sico  100% Algod\u00f3n                                                                                                                                                                                                                                                                                                                                                                                                                                                                                                                                                                                                                                                                                                                                                                                                                                                                                                                                                                                                                                        <\/p>\n","protected":false},"excerpt":{"rendered":"<p>CAMISA CHAMPION 220772<\/p>\n","protected":false},"featured_media":57341,"template":"","meta":[],"product_brand":[],"product_cat":[245],"product_tag":[51],"class_list":{"0":"post-44104","1":"product","2":"type-product","3":"status-publish","4":"has-post-thumbnail","6":"product_cat-hombre_textil_camisetas","7":"product_tag-champion","8":"pa_color-unico","9":"pa_talla-l","10":"pa_talla-m","11":"pa_talla-s","12":"pa_talla-xl","13":"thunk-woo-product-list","14":"opn-qv-enable","15":"open-woo-hover-","16":"open-single-product-tab-horizontal","17":"open-shadow-","18":"open-shadow-hover-","20":"first","21":"instock","22":"shipping-taxable","23":"purchasable","24":"product-type-variable"},"jetpack_sharing_enabled":true,"_links":{"self":[{"href":"https:\/\/www.deporteseli.com\/index.php?rest_route=\/wp\/v2\/product\/44104","targetHints":{"allow":["GET"]}}],"collection":[{"href":"https:\/\/www.deporteseli.com\/index.php?rest_route=\/wp\/v2\/product"}],"about":[{"href":"https:\/\/www.deporteseli.com\/index.php?rest_route=\/wp\/v2\/types\/product"}],"wp:featuredmedia":[{"embeddable":true,"href":"https:\/\/www.deporteseli.com\/index.php?rest_route=\/wp\/v2\/media\/57341"}],"wp:attachment":[{"href":"https:\/\/www.deporteseli.com\/index.php?rest_route=%2Fwp%2Fv2%2Fmedia&parent=44104"}],"wp:term":[{"taxonomy":"product_brand","embeddable":true,"href":"https:\/\/www.deporteseli.com\/index.php?rest_route=%2Fwp%2Fv2%2Fproduct_brand&post=44104"},{"taxonomy":"product_cat","embeddable":true,"href":"https:\/\/www.deporteseli.com\/index.php?rest_route=%2Fwp%2Fv2%2Fproduct_cat&post=44104"},{"taxonomy":"product_tag","embeddable":true,"href":"https:\/\/www.deporteseli.com\/index.php?rest_route=%2Fwp%2Fv2%2Fproduct_tag&post=44104"}],"curies":[{"name":"wp","href":"https:\/\/api.w.org\/{rel}","templated":true}]}}