{"id":44090,"date":"2026-01-27T20:20:16","date_gmt":"2026-01-27T20:20:16","guid":{"rendered":"https:\/\/www.deporteseli.com\/?product=short-champion-220304"},"modified":"2026-03-07T06:11:42","modified_gmt":"2026-03-07T06:11:42","slug":"short-champion-220304","status":"publish","type":"product","link":"https:\/\/www.deporteseli.com\/?product=short-champion-220304","title":{"rendered":"SHORT CHAMPION 220304"},"content":{"rendered":"<p>La colecci\u00f3n Champions des reconocida por su dise\u00f1o ic\u00f3nico y elegante, inspirado en el mundo del deporte y la velocidad. Se caracterizan por su estructura resistente                                                                                                                                                                                                                                                                                                                                                                                                                                                                                                                                                                                                                                                                                                                                                                                                                                                                                                                                                                                                                                        <\/p>\n","protected":false},"excerpt":{"rendered":"<p>SHORT CHAMPION 220304<\/p>\n","protected":false},"featured_media":57337,"template":"","meta":[],"product_brand":[],"product_cat":[250],"product_tag":[51],"class_list":{"0":"post-44090","1":"product","2":"type-product","3":"status-publish","4":"has-post-thumbnail","6":"product_cat-hombre_textil_bermudas","7":"product_tag-champion","8":"pa_color-unico","9":"pa_talla-l","10":"pa_talla-xl","11":"pa_talla-xxl","12":"thunk-woo-product-list","13":"opn-qv-enable","14":"open-woo-hover-","15":"open-single-product-tab-horizontal","16":"open-shadow-","17":"open-shadow-hover-","19":"first","20":"instock","21":"shipping-taxable","22":"purchasable","23":"product-type-variable"},"jetpack_sharing_enabled":true,"_links":{"self":[{"href":"https:\/\/www.deporteseli.com\/index.php?rest_route=\/wp\/v2\/product\/44090","targetHints":{"allow":["GET"]}}],"collection":[{"href":"https:\/\/www.deporteseli.com\/index.php?rest_route=\/wp\/v2\/product"}],"about":[{"href":"https:\/\/www.deporteseli.com\/index.php?rest_route=\/wp\/v2\/types\/product"}],"wp:featuredmedia":[{"embeddable":true,"href":"https:\/\/www.deporteseli.com\/index.php?rest_route=\/wp\/v2\/media\/57337"}],"wp:attachment":[{"href":"https:\/\/www.deporteseli.com\/index.php?rest_route=%2Fwp%2Fv2%2Fmedia&parent=44090"}],"wp:term":[{"taxonomy":"product_brand","embeddable":true,"href":"https:\/\/www.deporteseli.com\/index.php?rest_route=%2Fwp%2Fv2%2Fproduct_brand&post=44090"},{"taxonomy":"product_cat","embeddable":true,"href":"https:\/\/www.deporteseli.com\/index.php?rest_route=%2Fwp%2Fv2%2Fproduct_cat&post=44090"},{"taxonomy":"product_tag","embeddable":true,"href":"https:\/\/www.deporteseli.com\/index.php?rest_route=%2Fwp%2Fv2%2Fproduct_tag&post=44090"}],"curies":[{"name":"wp","href":"https:\/\/api.w.org\/{rel}","templated":true}]}}