{"id":44084,"date":"2026-01-27T20:20:08","date_gmt":"2026-01-27T20:20:08","guid":{"rendered":"https:\/\/www.deporteseli.com\/?product=camisa-champion-118090"},"modified":"2026-03-07T06:11:34","modified_gmt":"2026-03-07T06:11:34","slug":"camisa-champion-118090","status":"publish","type":"product","link":"https:\/\/www.deporteseli.com\/?product=camisa-champion-118090","title":{"rendered":"CAMISA CHAMPION 118090"},"content":{"rendered":"<p>Esta camiseta de corte entallado est\u00e1 confeccionada en punto de algod\u00f3n ligero. Se ci\u00f1e al cuerpo con una silueta contorneada y detalles de la firma.  Ajustada: corte entallado con una silueta suavemente contorneada  Tejido de algod\u00f3n ligero de 150 g\/m\u00b2, suave y transpirable  100% algod\u00f3n                                                                                                                                                                                                                                                                                                                                                                                                                                                                                                                                                                                                                                                                                                                                                                                                                                                                                                                                                                                                                                        <\/p>\n","protected":false},"excerpt":{"rendered":"<p>CAMISA CHAMPION 118090<\/p>\n","protected":false},"featured_media":57335,"template":"","meta":[],"product_brand":[],"product_cat":[269],"product_tag":[51],"class_list":{"0":"post-44084","1":"product","2":"type-product","3":"status-publish","4":"has-post-thumbnail","6":"product_cat-mujer_textil_camisetas","7":"product_tag-champion","8":"pa_color-unico","9":"pa_talla-l","10":"pa_talla-m","11":"thunk-woo-product-list","12":"opn-qv-enable","13":"open-woo-hover-","14":"open-single-product-tab-horizontal","15":"open-shadow-","16":"open-shadow-hover-","18":"first","19":"instock","20":"shipping-taxable","21":"purchasable","22":"product-type-variable"},"jetpack_sharing_enabled":true,"_links":{"self":[{"href":"https:\/\/www.deporteseli.com\/index.php?rest_route=\/wp\/v2\/product\/44084","targetHints":{"allow":["GET"]}}],"collection":[{"href":"https:\/\/www.deporteseli.com\/index.php?rest_route=\/wp\/v2\/product"}],"about":[{"href":"https:\/\/www.deporteseli.com\/index.php?rest_route=\/wp\/v2\/types\/product"}],"wp:featuredmedia":[{"embeddable":true,"href":"https:\/\/www.deporteseli.com\/index.php?rest_route=\/wp\/v2\/media\/57335"}],"wp:attachment":[{"href":"https:\/\/www.deporteseli.com\/index.php?rest_route=%2Fwp%2Fv2%2Fmedia&parent=44084"}],"wp:term":[{"taxonomy":"product_brand","embeddable":true,"href":"https:\/\/www.deporteseli.com\/index.php?rest_route=%2Fwp%2Fv2%2Fproduct_brand&post=44084"},{"taxonomy":"product_cat","embeddable":true,"href":"https:\/\/www.deporteseli.com\/index.php?rest_route=%2Fwp%2Fv2%2Fproduct_cat&post=44084"},{"taxonomy":"product_tag","embeddable":true,"href":"https:\/\/www.deporteseli.com\/index.php?rest_route=%2Fwp%2Fv2%2Fproduct_tag&post=44084"}],"curies":[{"name":"wp","href":"https:\/\/api.w.org\/{rel}","templated":true}]}}