{"id":44033,"date":"2026-01-27T20:19:03","date_gmt":"2026-01-27T20:19:03","guid":{"rendered":"https:\/\/www.deporteseli.com\/?product=plantilla-jhayber-ultra-02-blue"},"modified":"2026-03-10T09:40:12","modified_gmt":"2026-03-10T09:40:12","slug":"plantilla-jhayber-ultra-02-blue","status":"publish","type":"product","link":"https:\/\/www.deporteseli.com\/?product=plantilla-jhayber-ultra-02-blue","title":{"rendered":"PLANTILLA JHAYBER ULTRA 02 BLUE"},"content":{"rendered":"<p>DESCRIPCI\u00d3N  Las plantillas Ultra Comfort O2 de J\u2019hayber integran tecnolog\u00eda avanzada y materiales de \u00faltima generaci\u00f3n para un confort incomparable. Su dise\u00f1o incluye sistema de multiperforaci\u00f3n que permite la oxigenaci\u00f3n y transpiraci\u00f3n de la plantilla, manteniendo los pies frescos y secos durante m\u00e1s tiempo. Son recortables, lo que asegura un ajuste perfecto a la talla que necesites.       Elaboradas con malla hidrof\u00edlica microperforada y microfibra, absorben la humedad y evitan el moho, bacterias y malos olores. La espuma de PU proporciona flexibilidad, adaptabilidad y antideslizamiento, con canales hipertranspirables que refuerzan su rendimiento. El tac\u00f3n de Poron XRD reduce vibraciones y absorbe impactos para mayor estabilidad.  Malla Hidrof\u00edlica  Tejido t\u00e9cnico microperforado avanzado que absorbe la humedad, es antimoho, antibacteriano y resistente a los olores.    Poron XRD  Tac\u00f3n en el tal\u00f3n para reducir la vibraci\u00f3n y lograr una mayor absorci\u00f3n del impacto.                                                                                                                                                                                                                                                                                                                                                                                                                                                                                                                                                                                                                                                                                                                                                                                                                                                                                                                                                                                                                                        <\/p>\n","protected":false},"excerpt":{"rendered":"<p>PLANTILLA JHAYBER ULTRA 02 BLUE<\/p>\n","protected":false},"featured_media":57316,"template":"","meta":[],"product_brand":[],"product_cat":[403],"product_tag":[],"class_list":{"0":"post-44033","1":"product","2":"type-product","3":"status-publish","4":"has-post-thumbnail","6":"product_cat-accesorios_plantillas","7":"pa_color-unico","8":"pa_talla-l","9":"pa_talla-m","10":"pa_talla-s","11":"thunk-woo-product-list","12":"opn-qv-enable","13":"open-woo-hover-","14":"open-single-product-tab-horizontal","15":"open-shadow-","16":"open-shadow-hover-","18":"first","19":"instock","20":"shipping-taxable","21":"purchasable","22":"product-type-variable"},"jetpack_sharing_enabled":true,"_links":{"self":[{"href":"https:\/\/www.deporteseli.com\/index.php?rest_route=\/wp\/v2\/product\/44033","targetHints":{"allow":["GET"]}}],"collection":[{"href":"https:\/\/www.deporteseli.com\/index.php?rest_route=\/wp\/v2\/product"}],"about":[{"href":"https:\/\/www.deporteseli.com\/index.php?rest_route=\/wp\/v2\/types\/product"}],"wp:featuredmedia":[{"embeddable":true,"href":"https:\/\/www.deporteseli.com\/index.php?rest_route=\/wp\/v2\/media\/57316"}],"wp:attachment":[{"href":"https:\/\/www.deporteseli.com\/index.php?rest_route=%2Fwp%2Fv2%2Fmedia&parent=44033"}],"wp:term":[{"taxonomy":"product_brand","embeddable":true,"href":"https:\/\/www.deporteseli.com\/index.php?rest_route=%2Fwp%2Fv2%2Fproduct_brand&post=44033"},{"taxonomy":"product_cat","embeddable":true,"href":"https:\/\/www.deporteseli.com\/index.php?rest_route=%2Fwp%2Fv2%2Fproduct_cat&post=44033"},{"taxonomy":"product_tag","embeddable":true,"href":"https:\/\/www.deporteseli.com\/index.php?rest_route=%2Fwp%2Fv2%2Fproduct_tag&post=44033"}],"curies":[{"name":"wp","href":"https:\/\/api.w.org\/{rel}","templated":true}]}}