{"id":44024,"date":"2026-01-27T20:18:50","date_gmt":"2026-01-27T20:18:50","guid":{"rendered":"https:\/\/www.deporteseli.com\/?product=falda-head-814285"},"modified":"2026-03-07T06:10:36","modified_gmt":"2026-03-07T06:10:36","slug":"falda-head-814285","status":"publish","type":"product","link":"https:\/\/www.deporteseli.com\/?product=falda-head-814285","title":{"rendered":"FALDA HEAD 814285"},"content":{"rendered":"<p>Descripci\u00f3n  La Falda de P\u00e1del Head Dynamic Skort para mujer en color verde es una prenda deportiva dise\u00f1ada para brindar un rendimiento excepcional en la cancha. Su confecci\u00f3n premium asegura una calidad duradera, mientras que su ajuste \u00f3ptimo permite una libertad de movimiento sin restricciones.  El dise\u00f1o cuenta con una cintura alta y el\u00e1stica que se adapta al cuerpo, proporcionando un calce ce\u00f1ido y confortable. Esto se traduce en mayor comodidad y seguridad durante el juego, lo que es esencial para cualquier jugadora. Adem\u00e1s, su tejido innovador evacua el sudor, manteniendo la frescura y la sequedad en todo momento.  Ideal para quienes buscan estilo y funcionalidad en su vestimenta deportiva, esta falda es perfecta para pr\u00e1cticas y competiciones. Confeccionada para destacar en el deporte, la Falda de P\u00e1del Head Dynamic Skort es una opci\u00f3n que no puedes dejar pasar.    Caracter\u00edsticas  Falda de P\u00e1del Head Dynamic Skort  Confecci\u00f3n premium  Ajuste \u00f3ptimo  Cintura alta con el\u00e1stico para un calce ce\u00f1ido y confortable  Mayor comodidad y seguridad al moverse  Mantiene la frescura y la sequedad gracias a su capacidad para evacuar el sudor                                                                                                                                                                                                                                                                                                                                                                                                                                                                                                                                                                                                                                                                                                                                                                                                                                                                                                                                                                                                                                        <\/p>\n","protected":false},"excerpt":{"rendered":"<p>FALDA HEAD 814285<\/p>\n","protected":false},"featured_media":57314,"template":"","meta":[],"product_brand":[],"product_cat":[366],"product_tag":[22],"class_list":{"0":"post-44024","1":"product","2":"type-product","3":"status-publish","4":"has-post-thumbnail","6":"product_cat-padel_y_tenis_textil_faldas","7":"product_tag-head","8":"pa_color-verde","9":"pa_talla-l","10":"pa_talla-m","11":"pa_talla-s","12":"pa_talla-xl","13":"pa_talla-xs","14":"thunk-woo-product-list","15":"opn-qv-enable","16":"open-woo-hover-","17":"open-single-product-tab-horizontal","18":"open-shadow-","19":"open-shadow-hover-","21":"first","22":"instock","23":"shipping-taxable","24":"purchasable","25":"product-type-variable"},"jetpack_sharing_enabled":true,"_links":{"self":[{"href":"https:\/\/www.deporteseli.com\/index.php?rest_route=\/wp\/v2\/product\/44024","targetHints":{"allow":["GET"]}}],"collection":[{"href":"https:\/\/www.deporteseli.com\/index.php?rest_route=\/wp\/v2\/product"}],"about":[{"href":"https:\/\/www.deporteseli.com\/index.php?rest_route=\/wp\/v2\/types\/product"}],"wp:featuredmedia":[{"embeddable":true,"href":"https:\/\/www.deporteseli.com\/index.php?rest_route=\/wp\/v2\/media\/57314"}],"wp:attachment":[{"href":"https:\/\/www.deporteseli.com\/index.php?rest_route=%2Fwp%2Fv2%2Fmedia&parent=44024"}],"wp:term":[{"taxonomy":"product_brand","embeddable":true,"href":"https:\/\/www.deporteseli.com\/index.php?rest_route=%2Fwp%2Fv2%2Fproduct_brand&post=44024"},{"taxonomy":"product_cat","embeddable":true,"href":"https:\/\/www.deporteseli.com\/index.php?rest_route=%2Fwp%2Fv2%2Fproduct_cat&post=44024"},{"taxonomy":"product_tag","embeddable":true,"href":"https:\/\/www.deporteseli.com\/index.php?rest_route=%2Fwp%2Fv2%2Fproduct_tag&post=44024"}],"curies":[{"name":"wp","href":"https:\/\/api.w.org\/{rel}","templated":true}]}}