{"id":44021,"date":"2026-01-27T20:18:46","date_gmt":"2026-01-27T20:18:46","guid":{"rendered":"https:\/\/www.deporteseli.com\/?product=top-under-1383544"},"modified":"2026-03-07T06:10:30","modified_gmt":"2026-03-07T06:10:30","slug":"top-under-1383544","status":"publish","type":"product","link":"https:\/\/www.deporteseli.com\/?product=top-under-1383544","title":{"rendered":"TOP UNDER 1383544"},"content":{"rendered":"<p>Descripci\u00f3n    Proporciona un soporte estrat\u00e9gico, adecuado para actividades de soporte medio como el ciclismo, el entrenamiento con pesas y el boxeo.    Estilo cl\u00e1sico de jersey con dise\u00f1o de espalda nadadora y abertura en forma de ojo de cerradura para mejorar la ventilaci\u00f3n y facilitar la colocaci\u00f3n.    Dobladillo el\u00e1stico suave con detalle de logotipo para un ajuste perfecto    El tejido HeatGear\u00ae ofrece un tacto superior junto a la piel.    El material evacua la humedad y se seca muy r\u00e1pidamente    Tejido el\u00e1stico en 4 direcciones para mejorar el movimiento en todas las direcciones    Doble forro para una mejor cobertura sin acolchado    Secar en secadora a baja temperatura    No planchar    No usar suavizante    No lavar en seco    Lavar a m\u00e1quina en fr\u00edo con colores similares    Utilizar s\u00f3lo lej\u00eda sin cloro si es necesario    La tecnolog\u00eda de control de olores minimiza los olores                                                                                                                                                                                                                                                                                                                                                                                                                                                                                                                                                                                                                                                                                                                                                                                                                                                                                                                                                                                                                                        <\/p>\n","protected":false},"excerpt":{"rendered":"<p>TOP UNDER 1383544<\/p>\n","protected":false},"featured_media":57313,"template":"","meta":[],"product_brand":[],"product_cat":[275],"product_tag":[81],"class_list":{"0":"post-44021","1":"product","2":"type-product","3":"status-publish","4":"has-post-thumbnail","6":"product_cat-mujer_textil_top","7":"product_tag-under_armour","8":"pa_color-unico","9":"pa_talla-l","10":"pa_talla-xs","11":"thunk-woo-product-list","12":"opn-qv-enable","13":"open-woo-hover-","14":"open-single-product-tab-horizontal","15":"open-shadow-","16":"open-shadow-hover-","18":"first","19":"instock","20":"shipping-taxable","21":"purchasable","22":"product-type-variable"},"jetpack_sharing_enabled":true,"_links":{"self":[{"href":"https:\/\/www.deporteseli.com\/index.php?rest_route=\/wp\/v2\/product\/44021","targetHints":{"allow":["GET"]}}],"collection":[{"href":"https:\/\/www.deporteseli.com\/index.php?rest_route=\/wp\/v2\/product"}],"about":[{"href":"https:\/\/www.deporteseli.com\/index.php?rest_route=\/wp\/v2\/types\/product"}],"wp:featuredmedia":[{"embeddable":true,"href":"https:\/\/www.deporteseli.com\/index.php?rest_route=\/wp\/v2\/media\/57313"}],"wp:attachment":[{"href":"https:\/\/www.deporteseli.com\/index.php?rest_route=%2Fwp%2Fv2%2Fmedia&parent=44021"}],"wp:term":[{"taxonomy":"product_brand","embeddable":true,"href":"https:\/\/www.deporteseli.com\/index.php?rest_route=%2Fwp%2Fv2%2Fproduct_brand&post=44021"},{"taxonomy":"product_cat","embeddable":true,"href":"https:\/\/www.deporteseli.com\/index.php?rest_route=%2Fwp%2Fv2%2Fproduct_cat&post=44021"},{"taxonomy":"product_tag","embeddable":true,"href":"https:\/\/www.deporteseli.com\/index.php?rest_route=%2Fwp%2Fv2%2Fproduct_tag&post=44021"}],"curies":[{"name":"wp","href":"https:\/\/api.w.org\/{rel}","templated":true}]}}