{"id":44011,"date":"2026-01-27T20:18:33","date_gmt":"2026-01-27T20:18:33","guid":{"rendered":"https:\/\/www.deporteseli.com\/?product=short-8000-delfino"},"modified":"2026-03-07T06:10:18","modified_gmt":"2026-03-07T06:10:18","slug":"short-8000-delfino","status":"publish","type":"product","link":"https:\/\/www.deporteseli.com\/?product=short-8000-delfino","title":{"rendered":"SHORT  8000 DELFINO"},"content":{"rendered":"<p>La bermuda  8000 de hombre modelo Delfino est\u00e1 confeccionado con tejido Shellflex bi-el\u00e1stico que proporciona una flexibilidad excepcional adapt\u00e1ndose perfectamente al cuerpo. Adem\u00e1s, cuenta con bolsillos laterales y una posterior con cremallera para que puedas guardar tus pertenencias y dejar las manos libres para tus aventuras.    BERMUDA TREKKING    Bermuda de hombre  Slim Fit  Tejido biel\u00e1stico ultraligero de calidad Shellflex  Bolsillos laterales y posteriores con cremalleras  Cintura el\u00e1stica con cintur\u00f3n  96% poli\u00e9ster 4% elast\u00e1n                                                                                                                                                                                                                                                                                                                                                                                                                                                                                                                                                                                                                                                                                                                                                                                                                                                                                                                                                                                                                                        <\/p>\n","protected":false},"excerpt":{"rendered":"<p>SHORT  8000 DELFINO<\/p>\n","protected":false},"featured_media":57310,"template":"","meta":[],"product_brand":[],"product_cat":[250],"product_tag":[53],"class_list":{"0":"post-44011","1":"product","2":"type-product","3":"status-publish","4":"has-post-thumbnail","6":"product_cat-hombre_textil_bermudas","7":"product_tag-_8000","8":"pa_color-unico","9":"pa_talla-l","10":"pa_talla-m","11":"pa_talla-s","12":"pa_talla-xl","13":"thunk-woo-product-list","14":"opn-qv-enable","15":"open-woo-hover-","16":"open-single-product-tab-horizontal","17":"open-shadow-","18":"open-shadow-hover-","20":"first","21":"instock","22":"shipping-taxable","23":"purchasable","24":"product-type-variable"},"jetpack_sharing_enabled":true,"_links":{"self":[{"href":"https:\/\/www.deporteseli.com\/index.php?rest_route=\/wp\/v2\/product\/44011","targetHints":{"allow":["GET"]}}],"collection":[{"href":"https:\/\/www.deporteseli.com\/index.php?rest_route=\/wp\/v2\/product"}],"about":[{"href":"https:\/\/www.deporteseli.com\/index.php?rest_route=\/wp\/v2\/types\/product"}],"wp:featuredmedia":[{"embeddable":true,"href":"https:\/\/www.deporteseli.com\/index.php?rest_route=\/wp\/v2\/media\/57310"}],"wp:attachment":[{"href":"https:\/\/www.deporteseli.com\/index.php?rest_route=%2Fwp%2Fv2%2Fmedia&parent=44011"}],"wp:term":[{"taxonomy":"product_brand","embeddable":true,"href":"https:\/\/www.deporteseli.com\/index.php?rest_route=%2Fwp%2Fv2%2Fproduct_brand&post=44011"},{"taxonomy":"product_cat","embeddable":true,"href":"https:\/\/www.deporteseli.com\/index.php?rest_route=%2Fwp%2Fv2%2Fproduct_cat&post=44011"},{"taxonomy":"product_tag","embeddable":true,"href":"https:\/\/www.deporteseli.com\/index.php?rest_route=%2Fwp%2Fv2%2Fproduct_tag&post=44011"}],"curies":[{"name":"wp","href":"https:\/\/api.w.org\/{rel}","templated":true}]}}