{"id":44007,"date":"2026-01-27T20:18:27","date_gmt":"2026-01-27T20:18:27","guid":{"rendered":"https:\/\/www.deporteseli.com\/?product=tenis-under-armour-3027000-2"},"modified":"2026-02-24T05:18:55","modified_gmt":"2026-02-24T05:18:55","slug":"tenis-under-armour-3027000-2","status":"publish","type":"product","link":"https:\/\/www.deporteseli.com\/?product=tenis-under-armour-3027000-2","title":{"rendered":"TENIS UNDER ARMOUR 3027000"},"content":{"rendered":"<p>Informaci\u00f3n sobre el producto  Detalles del producto  Marca: Under Armour  Zapatillas deportivas: Zapatillas para Correr  Modelo: Ua Charged Surge 4 3027000-002  Index: 0000303775711  Material y cuidado  Plantilla: textil  Interior: tejido  Parte superior: Textil\/-Textil, Material\/-Sint\u00e9tico  Suela: material de alta calidad  Tecnolog\u00edas:   Charged Cushioning  Talla y ajuste  Ancho del zapato: Est\u00e1ndar                                                                                                                                                                                                                                                                                                                                                                                                                                                                                                                                                                                                                                                                                                                                                                                                                                                                                                                                                                                                                                        <\/p>\n","protected":false},"excerpt":{"rendered":"<p>TENIS UNDER ARMOUR 3027000<\/p>\n","protected":false},"featured_media":57307,"template":"","meta":[],"product_brand":[],"product_cat":[259],"product_tag":[81],"class_list":{"0":"post-44007","1":"product","2":"type-product","3":"status-publish","4":"has-post-thumbnail","6":"product_cat-hombre_calzado_running","7":"product_tag-under_armour","8":"pa_color-unico","9":"pa_talla-151","10":"pa_talla-153","11":"pa_talla-159","12":"thunk-woo-product-list","13":"opn-qv-enable","14":"open-woo-hover-","15":"open-single-product-tab-horizontal","16":"open-shadow-","17":"open-shadow-hover-","19":"first","20":"instock","21":"sale","22":"shipping-taxable","23":"purchasable","24":"product-type-variable"},"jetpack_sharing_enabled":true,"_links":{"self":[{"href":"https:\/\/www.deporteseli.com\/index.php?rest_route=\/wp\/v2\/product\/44007","targetHints":{"allow":["GET"]}}],"collection":[{"href":"https:\/\/www.deporteseli.com\/index.php?rest_route=\/wp\/v2\/product"}],"about":[{"href":"https:\/\/www.deporteseli.com\/index.php?rest_route=\/wp\/v2\/types\/product"}],"wp:featuredmedia":[{"embeddable":true,"href":"https:\/\/www.deporteseli.com\/index.php?rest_route=\/wp\/v2\/media\/57307"}],"wp:attachment":[{"href":"https:\/\/www.deporteseli.com\/index.php?rest_route=%2Fwp%2Fv2%2Fmedia&parent=44007"}],"wp:term":[{"taxonomy":"product_brand","embeddable":true,"href":"https:\/\/www.deporteseli.com\/index.php?rest_route=%2Fwp%2Fv2%2Fproduct_brand&post=44007"},{"taxonomy":"product_cat","embeddable":true,"href":"https:\/\/www.deporteseli.com\/index.php?rest_route=%2Fwp%2Fv2%2Fproduct_cat&post=44007"},{"taxonomy":"product_tag","embeddable":true,"href":"https:\/\/www.deporteseli.com\/index.php?rest_route=%2Fwp%2Fv2%2Fproduct_tag&post=44007"}],"curies":[{"name":"wp","href":"https:\/\/api.w.org\/{rel}","templated":true}]}}