{"id":43999,"date":"2026-01-27T20:18:17","date_gmt":"2026-01-27T20:18:17","guid":{"rendered":"https:\/\/www.deporteseli.com\/?product=short-under-armour-1389882"},"modified":"2026-03-07T06:10:07","modified_gmt":"2026-03-07T06:10:07","slug":"short-under-armour-1389882","status":"publish","type":"product","link":"https:\/\/www.deporteseli.com\/?product=short-under-armour-1389882","title":{"rendered":"SHORT UNDER ARMOUR 1389882"},"content":{"rendered":"<p>Descripci\u00f3n del producto  UA Tech\u2122 es nuestra selecci\u00f3n de entrenamiento original imprescindible. Es amplia y ligera, y mantiene la frescura. Es todo lo que necesitas.  ADN  Especificaciones  Ajuste y cuidado del producto  Tejido de punto suave y ligero que proporciona una comodidad y transpirabilidad superiores  Material que capilariza el sudor y se seca r\u00e1pidamente  Cintura el\u00e1stica visible de talle bajo con logotipo renovado  Bolsillos laterales abiertos  Bajo contorneado para un ajuste m\u00e1s favorecedor y una mayor libertad de movimiento                                                                                                                                                                                                                                                                                                                                                                                                                                                                                                                                                                                                                                                                                                                                                                                                                                                                                                                                                                                                                                        <\/p>\n","protected":false},"excerpt":{"rendered":"<p>SHORT UNDER ARMOUR 1389882<\/p>\n","protected":false},"featured_media":57300,"template":"","meta":[],"product_brand":[],"product_cat":[277],"product_tag":[],"class_list":{"0":"post-43999","1":"product","2":"type-product","3":"status-publish","4":"has-post-thumbnail","6":"product_cat-mujer_textil_shorts","7":"pa_color-unico","8":"pa_talla-l","9":"pa_talla-m","10":"thunk-woo-product-list","11":"opn-qv-enable","12":"open-woo-hover-","13":"open-single-product-tab-horizontal","14":"open-shadow-","15":"open-shadow-hover-","17":"first","18":"instock","19":"shipping-taxable","20":"purchasable","21":"product-type-variable"},"jetpack_sharing_enabled":true,"_links":{"self":[{"href":"https:\/\/www.deporteseli.com\/index.php?rest_route=\/wp\/v2\/product\/43999","targetHints":{"allow":["GET"]}}],"collection":[{"href":"https:\/\/www.deporteseli.com\/index.php?rest_route=\/wp\/v2\/product"}],"about":[{"href":"https:\/\/www.deporteseli.com\/index.php?rest_route=\/wp\/v2\/types\/product"}],"wp:featuredmedia":[{"embeddable":true,"href":"https:\/\/www.deporteseli.com\/index.php?rest_route=\/wp\/v2\/media\/57300"}],"wp:attachment":[{"href":"https:\/\/www.deporteseli.com\/index.php?rest_route=%2Fwp%2Fv2%2Fmedia&parent=43999"}],"wp:term":[{"taxonomy":"product_brand","embeddable":true,"href":"https:\/\/www.deporteseli.com\/index.php?rest_route=%2Fwp%2Fv2%2Fproduct_brand&post=43999"},{"taxonomy":"product_cat","embeddable":true,"href":"https:\/\/www.deporteseli.com\/index.php?rest_route=%2Fwp%2Fv2%2Fproduct_cat&post=43999"},{"taxonomy":"product_tag","embeddable":true,"href":"https:\/\/www.deporteseli.com\/index.php?rest_route=%2Fwp%2Fv2%2Fproduct_tag&post=43999"}],"curies":[{"name":"wp","href":"https:\/\/api.w.org\/{rel}","templated":true}]}}