{"id":43987,"date":"2026-01-27T20:18:01","date_gmt":"2026-01-27T20:18:01","guid":{"rendered":"https:\/\/www.deporteseli.com\/?product=top-under-armour-1383544"},"modified":"2026-03-07T06:09:58","modified_gmt":"2026-03-07T06:09:58","slug":"top-under-armour-1383544","status":"publish","type":"product","link":"https:\/\/www.deporteseli.com\/?product=top-under-armour-1383544","title":{"rendered":"TOP UNDER ARMOUR 1383544"},"content":{"rendered":"<p>Descripci\u00f3n del producto  Los sujetadores no deben ser complicados. Deben ser c\u00f3modos y ofrecer sujeci\u00f3n. As\u00ed que hemos ido directamente a la fuente y hemos preguntado a mujeres reales c\u00f3mo mejorar a\u00fan m\u00e1s su sujetador favorito de UA. Y ha funcionado.  ADN  Especificaciones  Ajuste y cuidado del producto  Dise\u00f1o con sujeci\u00f3n en zonas estrat\u00e9gicas para actividades de impacto medio, como el ciclismo, el entrenamiento con peso o el boxeo  Silueta cl\u00e1sica con dise\u00f1o de espalda cruzada y abertura para una mayor ventilaci\u00f3n y para poner y quitar f\u00e1cilmente la prenda  Banda inferior el\u00e1stica y suave con detalle de logotipo y un ajuste que se mantiene en su sitio  Tejido HeatGear\u00ae que ofrece una sensaci\u00f3n excelente en contacto con la piel  Material que capilariza el sudor y se seca r\u00e1pidamente  Confecci\u00f3n con material el\u00e1stico en 4 direcciones que permite una mayor movilidad en cualquier direcci\u00f3n  Doble forro para m\u00e1s protecci\u00f3n, sin relleno                                                                                                                                                                                                                                                                                                                                                                                                                                                                                                                                                                                                                                                                                                                                                                                                                                                                                                                                                                                                                                        <\/p>\n","protected":false},"excerpt":{"rendered":"<p>TOP UNDER ARMOUR 1383544<\/p>\n","protected":false},"featured_media":57290,"template":"","meta":[],"product_brand":[],"product_cat":[275],"product_tag":[81],"class_list":{"0":"post-43987","1":"product","2":"type-product","3":"status-publish","4":"has-post-thumbnail","6":"product_cat-mujer_textil_top","7":"product_tag-under_armour","8":"pa_color-unico","9":"pa_talla-m","10":"pa_talla-xs","11":"thunk-woo-product-list","12":"opn-qv-enable","13":"open-woo-hover-","14":"open-single-product-tab-horizontal","15":"open-shadow-","16":"open-shadow-hover-","18":"first","19":"instock","20":"shipping-taxable","21":"purchasable","22":"product-type-variable"},"jetpack_sharing_enabled":true,"_links":{"self":[{"href":"https:\/\/www.deporteseli.com\/index.php?rest_route=\/wp\/v2\/product\/43987","targetHints":{"allow":["GET"]}}],"collection":[{"href":"https:\/\/www.deporteseli.com\/index.php?rest_route=\/wp\/v2\/product"}],"about":[{"href":"https:\/\/www.deporteseli.com\/index.php?rest_route=\/wp\/v2\/types\/product"}],"wp:featuredmedia":[{"embeddable":true,"href":"https:\/\/www.deporteseli.com\/index.php?rest_route=\/wp\/v2\/media\/57290"}],"wp:attachment":[{"href":"https:\/\/www.deporteseli.com\/index.php?rest_route=%2Fwp%2Fv2%2Fmedia&parent=43987"}],"wp:term":[{"taxonomy":"product_brand","embeddable":true,"href":"https:\/\/www.deporteseli.com\/index.php?rest_route=%2Fwp%2Fv2%2Fproduct_brand&post=43987"},{"taxonomy":"product_cat","embeddable":true,"href":"https:\/\/www.deporteseli.com\/index.php?rest_route=%2Fwp%2Fv2%2Fproduct_cat&post=43987"},{"taxonomy":"product_tag","embeddable":true,"href":"https:\/\/www.deporteseli.com\/index.php?rest_route=%2Fwp%2Fv2%2Fproduct_tag&post=43987"}],"curies":[{"name":"wp","href":"https:\/\/api.w.org\/{rel}","templated":true}]}}