{"id":43980,"date":"2026-01-27T20:17:51","date_gmt":"2026-01-27T20:17:51","guid":{"rendered":"https:\/\/www.deporteseli.com\/?product=short-under-armour-1383356-2"},"modified":"2026-03-07T06:09:51","modified_gmt":"2026-03-07T06:09:51","slug":"short-under-armour-1383356-2","status":"publish","type":"product","link":"https:\/\/www.deporteseli.com\/?product=short-under-armour-1383356-2","title":{"rendered":"SHORT UNDER ARMOUR 1383356"},"content":{"rendered":"<p>Descripci\u00f3n del producto  El objetivo de la colecci\u00f3n UA Woven era ofrecer los dise\u00f1os de calentamientos perfectos para mantener los m\u00fasculos siempre a punto. Y, adem\u00e1s, que fueran adecuados para cualquier deporte y ocuparan poco espacio en tu bolsa para poder llevarlos a cualquier parte.  ADN  Especificaciones  Ajuste y cuidado del producto  Tejido ligero para una comodidad y durabilidad superiores  Material que capilariza el sudor y se seca r\u00e1pidamente  Cintura el\u00e1stica con revestimiento y cord\u00f3n interior  Bolsillos laterales abiertos  Bajo con abertura lateral                                                                                                                                                                                                                                                                                                                                                                                                                                                                                                                                                                                                                                                                                                                                                                                                                                                                                                                                                                                                                                        <\/p>\n","protected":false},"excerpt":{"rendered":"<p>SHORT UNDER ARMOUR 1383356<\/p>\n","protected":false},"featured_media":57284,"template":"","meta":[],"product_brand":[],"product_cat":[250],"product_tag":[81],"class_list":{"0":"post-43980","1":"product","2":"type-product","3":"status-publish","4":"has-post-thumbnail","6":"product_cat-hombre_textil_bermudas","7":"product_tag-under_armour","8":"pa_color-unico","9":"pa_talla-m","10":"pa_talla-s","11":"thunk-woo-product-list","12":"opn-qv-enable","13":"open-woo-hover-","14":"open-single-product-tab-horizontal","15":"open-shadow-","16":"open-shadow-hover-","18":"first","19":"instock","20":"shipping-taxable","21":"purchasable","22":"product-type-variable"},"jetpack_sharing_enabled":true,"_links":{"self":[{"href":"https:\/\/www.deporteseli.com\/index.php?rest_route=\/wp\/v2\/product\/43980","targetHints":{"allow":["GET"]}}],"collection":[{"href":"https:\/\/www.deporteseli.com\/index.php?rest_route=\/wp\/v2\/product"}],"about":[{"href":"https:\/\/www.deporteseli.com\/index.php?rest_route=\/wp\/v2\/types\/product"}],"wp:featuredmedia":[{"embeddable":true,"href":"https:\/\/www.deporteseli.com\/index.php?rest_route=\/wp\/v2\/media\/57284"}],"wp:attachment":[{"href":"https:\/\/www.deporteseli.com\/index.php?rest_route=%2Fwp%2Fv2%2Fmedia&parent=43980"}],"wp:term":[{"taxonomy":"product_brand","embeddable":true,"href":"https:\/\/www.deporteseli.com\/index.php?rest_route=%2Fwp%2Fv2%2Fproduct_brand&post=43980"},{"taxonomy":"product_cat","embeddable":true,"href":"https:\/\/www.deporteseli.com\/index.php?rest_route=%2Fwp%2Fv2%2Fproduct_cat&post=43980"},{"taxonomy":"product_tag","embeddable":true,"href":"https:\/\/www.deporteseli.com\/index.php?rest_route=%2Fwp%2Fv2%2Fproduct_tag&post=43980"}],"curies":[{"name":"wp","href":"https:\/\/api.w.org\/{rel}","templated":true}]}}