{"id":43975,"date":"2026-01-27T20:17:45","date_gmt":"2026-01-27T20:17:45","guid":{"rendered":"https:\/\/www.deporteseli.com\/?product=camisa-under-armour-1382883-3"},"modified":"2026-03-07T06:09:48","modified_gmt":"2026-03-07T06:09:48","slug":"camisa-under-armour-1382883-3","status":"publish","type":"product","link":"https:\/\/www.deporteseli.com\/?product=camisa-under-armour-1382883-3","title":{"rendered":"CAMISA UNDER ARMOUR 1382883"},"content":{"rendered":"<p>Encontrar\u00e1s miles de camisetas estampadas, pero ninguna como las de Under Armour. El tejido que utilizamos cuenta con una confecci\u00f3n ligera, suave y de secado r\u00e1pido.    Tejido muy suave de mezcla de algod\u00f3n que proporciona comodidad durante todo el d\u00eda  Cuello acanalado  Composici\u00f3n:  Algod\u00f3n   Poli\u00e9ster                                                                                                                                                                                                                                                                                                                                                                                                                                                                                                                                                                                                                                                                                                                                                                                                                                                                                                                                                                                                                                        <\/p>\n","protected":false},"excerpt":{"rendered":"<p>CAMISA UNDER ARMOUR 1382883<\/p>\n","protected":false},"featured_media":57278,"template":"","meta":[],"product_brand":[],"product_cat":[245],"product_tag":[81],"class_list":{"0":"post-43975","1":"product","2":"type-product","3":"status-publish","4":"has-post-thumbnail","6":"product_cat-hombre_textil_camisetas","7":"product_tag-under_armour","8":"pa_color-unico","9":"pa_talla-m","10":"thunk-woo-product-list","11":"opn-qv-enable","12":"open-woo-hover-","13":"open-single-product-tab-horizontal","14":"open-shadow-","15":"open-shadow-hover-","17":"first","18":"instock","19":"shipping-taxable","20":"purchasable","21":"product-type-variable"},"jetpack_sharing_enabled":true,"_links":{"self":[{"href":"https:\/\/www.deporteseli.com\/index.php?rest_route=\/wp\/v2\/product\/43975","targetHints":{"allow":["GET"]}}],"collection":[{"href":"https:\/\/www.deporteseli.com\/index.php?rest_route=\/wp\/v2\/product"}],"about":[{"href":"https:\/\/www.deporteseli.com\/index.php?rest_route=\/wp\/v2\/types\/product"}],"wp:featuredmedia":[{"embeddable":true,"href":"https:\/\/www.deporteseli.com\/index.php?rest_route=\/wp\/v2\/media\/57278"}],"wp:attachment":[{"href":"https:\/\/www.deporteseli.com\/index.php?rest_route=%2Fwp%2Fv2%2Fmedia&parent=43975"}],"wp:term":[{"taxonomy":"product_brand","embeddable":true,"href":"https:\/\/www.deporteseli.com\/index.php?rest_route=%2Fwp%2Fv2%2Fproduct_brand&post=43975"},{"taxonomy":"product_cat","embeddable":true,"href":"https:\/\/www.deporteseli.com\/index.php?rest_route=%2Fwp%2Fv2%2Fproduct_cat&post=43975"},{"taxonomy":"product_tag","embeddable":true,"href":"https:\/\/www.deporteseli.com\/index.php?rest_route=%2Fwp%2Fv2%2Fproduct_tag&post=43975"}],"curies":[{"name":"wp","href":"https:\/\/api.w.org\/{rel}","templated":true}]}}