{"id":43937,"date":"2026-01-27T20:16:49","date_gmt":"2026-01-27T20:16:49","guid":{"rendered":"https:\/\/www.deporteseli.com\/?product=camisa-under-armour-1326413"},"modified":"2026-03-07T06:09:16","modified_gmt":"2026-03-07T06:09:16","slug":"camisa-under-armour-1326413","status":"publish","type":"product","link":"https:\/\/www.deporteseli.com\/?product=camisa-under-armour-1326413","title":{"rendered":"CAMISA UNDER ARMOUR 1326413"},"content":{"rendered":"<p>Descripci\u00f3n del producto  UA Tech\u2122 es nuestra selecci\u00f3n de entrenamiento original imprescindible. Es amplia y ligera, y mantiene la frescura. Por eso, esta camiseta de entrenamiento para hombre es todo lo que necesitas.  Tejido UA Tech\u2122 de secado r\u00e1pido, ultrasuave y de tacto m\u00e1s natural  Material que capilariza el sudor y se seca r\u00e1pidamente  Nuevo ajuste entallado y bajo contorneado  Tejido principal que contiene, al menos, un 90 %* de poli\u00e9ster reciclado, sin incluir ribetes ni adornos  * Las combinaciones de colores 002, 0                                                                                                                                                                                                                                                                                                                                                                                                                                                                                                                                                                                                                                                                                                                                                                                                                                                                                                                                                                                                                                        <\/p>\n","protected":false},"excerpt":{"rendered":"<p>CAMISA UNDER ARMOUR 1326413<\/p>\n","protected":false},"featured_media":57249,"template":"","meta":[],"product_brand":[],"product_cat":[245],"product_tag":[81],"class_list":{"0":"post-43937","1":"product","2":"type-product","3":"status-publish","4":"has-post-thumbnail","6":"product_cat-hombre_textil_camisetas","7":"product_tag-under_armour","8":"pa_color-unico","9":"pa_talla-l","10":"pa_talla-m","11":"thunk-woo-product-list","12":"opn-qv-enable","13":"open-woo-hover-","14":"open-single-product-tab-horizontal","15":"open-shadow-","16":"open-shadow-hover-","18":"first","19":"instock","20":"shipping-taxable","21":"purchasable","22":"product-type-variable"},"jetpack_sharing_enabled":true,"_links":{"self":[{"href":"https:\/\/www.deporteseli.com\/index.php?rest_route=\/wp\/v2\/product\/43937","targetHints":{"allow":["GET"]}}],"collection":[{"href":"https:\/\/www.deporteseli.com\/index.php?rest_route=\/wp\/v2\/product"}],"about":[{"href":"https:\/\/www.deporteseli.com\/index.php?rest_route=\/wp\/v2\/types\/product"}],"wp:featuredmedia":[{"embeddable":true,"href":"https:\/\/www.deporteseli.com\/index.php?rest_route=\/wp\/v2\/media\/57249"}],"wp:attachment":[{"href":"https:\/\/www.deporteseli.com\/index.php?rest_route=%2Fwp%2Fv2%2Fmedia&parent=43937"}],"wp:term":[{"taxonomy":"product_brand","embeddable":true,"href":"https:\/\/www.deporteseli.com\/index.php?rest_route=%2Fwp%2Fv2%2Fproduct_brand&post=43937"},{"taxonomy":"product_cat","embeddable":true,"href":"https:\/\/www.deporteseli.com\/index.php?rest_route=%2Fwp%2Fv2%2Fproduct_cat&post=43937"},{"taxonomy":"product_tag","embeddable":true,"href":"https:\/\/www.deporteseli.com\/index.php?rest_route=%2Fwp%2Fv2%2Fproduct_tag&post=43937"}],"curies":[{"name":"wp","href":"https:\/\/api.w.org\/{rel}","templated":true}]}}