{"id":43933,"date":"2026-01-27T20:16:42","date_gmt":"2026-01-27T20:16:42","guid":{"rendered":"https:\/\/www.deporteseli.com\/?product=short-under-armour-1306443"},"modified":"2026-03-07T06:09:13","modified_gmt":"2026-03-07T06:09:13","slug":"short-under-armour-1306443","status":"publish","type":"product","link":"https:\/\/www.deporteseli.com\/?product=short-under-armour-1306443","title":{"rendered":"SHORT UNDER ARMOUR 1306443"},"content":{"rendered":"<p>UA Tech\u2122 es nuestra selecci\u00f3n original para el entrenamiento diario. Este pantal\u00f3n corto estampado de entrenamiento para hombre Under Armour es holgado y ligero, y mantiene la frescura. Su dise\u00f1o est\u00e1 pensado para ofrecerte todo lo que necesitas.                                                                                                                                                                                                                                                                                                                                                                                                                                                                                                                                                                                                                                                                                                                                                                                                                                                                                                                                                                                                                                        <\/p>\n","protected":false},"excerpt":{"rendered":"<p>SHORT UNDER ARMOUR 1306443<\/p>\n","protected":false},"featured_media":57248,"template":"","meta":[],"product_brand":[],"product_cat":[251],"product_tag":[81],"class_list":{"0":"post-43933","1":"product","2":"type-product","3":"status-publish","4":"has-post-thumbnail","6":"product_cat-hombre_textil_shorts","7":"product_tag-under_armour","8":"pa_color-unico","9":"pa_talla-l","10":"pa_talla-m","11":"pa_talla-xl","12":"thunk-woo-product-list","13":"opn-qv-enable","14":"open-woo-hover-","15":"open-single-product-tab-horizontal","16":"open-shadow-","17":"open-shadow-hover-","19":"first","20":"instock","21":"shipping-taxable","22":"purchasable","23":"product-type-variable"},"jetpack_sharing_enabled":true,"_links":{"self":[{"href":"https:\/\/www.deporteseli.com\/index.php?rest_route=\/wp\/v2\/product\/43933","targetHints":{"allow":["GET"]}}],"collection":[{"href":"https:\/\/www.deporteseli.com\/index.php?rest_route=\/wp\/v2\/product"}],"about":[{"href":"https:\/\/www.deporteseli.com\/index.php?rest_route=\/wp\/v2\/types\/product"}],"wp:featuredmedia":[{"embeddable":true,"href":"https:\/\/www.deporteseli.com\/index.php?rest_route=\/wp\/v2\/media\/57248"}],"wp:attachment":[{"href":"https:\/\/www.deporteseli.com\/index.php?rest_route=%2Fwp%2Fv2%2Fmedia&parent=43933"}],"wp:term":[{"taxonomy":"product_brand","embeddable":true,"href":"https:\/\/www.deporteseli.com\/index.php?rest_route=%2Fwp%2Fv2%2Fproduct_brand&post=43933"},{"taxonomy":"product_cat","embeddable":true,"href":"https:\/\/www.deporteseli.com\/index.php?rest_route=%2Fwp%2Fv2%2Fproduct_cat&post=43933"},{"taxonomy":"product_tag","embeddable":true,"href":"https:\/\/www.deporteseli.com\/index.php?rest_route=%2Fwp%2Fv2%2Fproduct_tag&post=43933"}],"curies":[{"name":"wp","href":"https:\/\/api.w.org\/{rel}","templated":true}]}}