{"id":43931,"date":"2026-01-27T20:16:37","date_gmt":"2026-01-27T20:16:37","guid":{"rendered":"https:\/\/www.deporteseli.com\/?product=camisa-reebok-100070994"},"modified":"2026-04-21T04:17:39","modified_gmt":"2026-04-21T04:17:39","slug":"camisa-reebok-100070994","status":"publish","type":"product","link":"https:\/\/www.deporteseli.com\/?product=camisa-reebok-100070994","title":{"rendered":"CAMISA REEBOK 100070994"},"content":{"rendered":"<p>UNA CAMISETA VERS\u00c1TIL INSPIRADA EN LOS ARCHIVOS DE REEBOK    Esta camiseta Reebok combina tradici\u00f3n y estilo. Est\u00e1 confeccionada con algod\u00f3n suave y adornada con un logo gr\u00e1fico de inspiraci\u00f3n vintage en la parte delantera.                                                                                                                                                                                                                                                                                                                                                                                                                                                                                                                                                                                                                                                                                                                                                                                                                                                                                                                                                                                                                                        <\/p>\n","protected":false},"excerpt":{"rendered":"<p>CAMISA REEBOK 100070994<\/p>\n","protected":false},"featured_media":57245,"template":"","meta":[],"product_brand":[],"product_cat":[245],"product_tag":[41],"class_list":{"0":"post-43931","1":"product","2":"type-product","3":"status-publish","4":"has-post-thumbnail","6":"product_cat-hombre_textil_camisetas","7":"product_tag-reebok","8":"pa_color-unico","9":"pa_talla-m","10":"thunk-woo-product-list","11":"opn-qv-enable","12":"open-woo-hover-","13":"open-single-product-tab-horizontal","14":"open-shadow-","15":"open-shadow-hover-","17":"first","18":"instock","19":"shipping-taxable","20":"purchasable","21":"product-type-variable"},"jetpack_sharing_enabled":true,"_links":{"self":[{"href":"https:\/\/www.deporteseli.com\/index.php?rest_route=\/wp\/v2\/product\/43931","targetHints":{"allow":["GET"]}}],"collection":[{"href":"https:\/\/www.deporteseli.com\/index.php?rest_route=\/wp\/v2\/product"}],"about":[{"href":"https:\/\/www.deporteseli.com\/index.php?rest_route=\/wp\/v2\/types\/product"}],"wp:featuredmedia":[{"embeddable":true,"href":"https:\/\/www.deporteseli.com\/index.php?rest_route=\/wp\/v2\/media\/57245"}],"wp:attachment":[{"href":"https:\/\/www.deporteseli.com\/index.php?rest_route=%2Fwp%2Fv2%2Fmedia&parent=43931"}],"wp:term":[{"taxonomy":"product_brand","embeddable":true,"href":"https:\/\/www.deporteseli.com\/index.php?rest_route=%2Fwp%2Fv2%2Fproduct_brand&post=43931"},{"taxonomy":"product_cat","embeddable":true,"href":"https:\/\/www.deporteseli.com\/index.php?rest_route=%2Fwp%2Fv2%2Fproduct_cat&post=43931"},{"taxonomy":"product_tag","embeddable":true,"href":"https:\/\/www.deporteseli.com\/index.php?rest_route=%2Fwp%2Fv2%2Fproduct_tag&post=43931"}],"curies":[{"name":"wp","href":"https:\/\/api.w.org\/{rel}","templated":true}]}}